{"id":5021,"date":"2016-01-10T23:19:04","date_gmt":"2016-01-10T22:19:04","guid":{"rendered":"http:\/\/infra-suisse.ch\/it\/?page_id=5021"},"modified":"2025-05-27T07:10:59","modified_gmt":"2025-05-27T05:10:59","slug":"alleanza-di-progetto","status":"publish","type":"page","link":"https:\/\/infra-suisse.ch\/it\/sostenibilita\/alleanza-di-progetto\/","title":{"rendered":"Alleanza di progetto"},"content":{"rendered":"<p>Le imprese edili, gli studi di progettazione e le committenze hanno le medesime difficolt\u00e0 di fronte alla crescente pressione esercitata sui costi e sui tempi. Nel settore i toni sono divenuti pi\u00f9 aspri. Grazie alle alleanze di progetto, una nuova tipologia di collaborazione, potrebbe essere possibile ripristinare nell\u2019edilizia un clima di maggiore fiducia e cooperazione. Infra Suisse vuole far conoscere e apprezzare in Svizzera questa nuova modalit\u00e0. Attualmente si sviluppano modelli e si vagliano possibili progetti.<\/p>\n<h4>Cosa \u00e8 un\u2019alleanza di progetto?<\/h4>\n<p>Un\u2019alleanza di progetto si presta soprattutto per progetti con grossi volumi e un elevato grado di complessit\u00e0. Detto in parole semplici si tratta di un consorzio, che non comprende solo imprenditori, bens\u00ec anche progettisti e persino committenti. All\u2019estero il modello ha dato ottimi risultati per progetti complessi. All\u2019interno di questo consorzio tutti perseguono il medesimo obiettivo: la migliore soluzione per il progetto. Di conseguenza tutti i partner rispondono unitamente e in maniera solidale per il successo del progetto. Il sistema di retribuzione \u00e8 concepito in modo tale che tutti vincono o tutti perdono. L\u2019utile viene suddiviso fra i membri dell\u2019alleanza in funzione di una chiave di riparto definita prima dell\u2019avvio del progetto. Se i requisiti minimi non vengono raggiunti, ogni partecipante all\u2019alleanza, anche il committente, si assume la quota di insuccesso anch\u2018essa stabilita a priori. Se gli obiettivi vengono superati grazie all\u2019eccellenza delle prestazioni, ne approfittano tutti.<\/p>\n<h4>Come viene costituita un\u2019alleanza di progetto?<\/h4>\n<p>La ricerca e la scelta di potenziali partner avviene perlopi\u00f9 con una procedura di invito o di prequalificazione a pi\u00f9 gradi. L\u2019imprenditore si candida al bando assieme a un progettista di sua scelta. Nelle successive fasi di dialogo i partner risolvono congiuntamente i problemi che si pongono nel quadro del progetto. In questo modo \u00e8 possibile mettere alla prova aspetti quali creativit\u00e0, ricerca di soluzioni, competenza nella comunicazione, atteggiamento di fronte ai rischi e disponibilit\u00e0 alla cooperazione. I partner che partecipano all\u2019alleanza concordano contrattualmente chi, cosa, quando deve fare qualcosa.<\/p>\n","protected":false},"excerpt":{"rendered":"<p>Le imprese edili, gli studi di progettazione e le committenze hanno le medesime difficolt\u00e0 di fronte alla crescente pressione esercitata sui costi e sui tempi. Nel settore i toni sono divenuti pi\u00f9 aspri. Grazie alle alleanze di progetto, una nuova tipologia di collaborazione, potrebbe essere possibile ripristinare nell\u2019edilizia un clima di maggiore fiducia e cooperazione&#8230;.<\/p>\n","protected":false},"author":66,"featured_media":4962,"parent":16643,"menu_order":74,"comment_status":"closed","ping_status":"closed","template":"","meta":{"_acf_changed":false,"footnotes":""},"class_list":["post-5021","page","type-page","status-publish","has-post-thumbnail","hentry"],"acf":[],"_links":{"self":[{"href":"https:\/\/infra-suisse.ch\/it\/wp-json\/wp\/v2\/pages\/5021","targetHints":{"allow":["GET"]}}],"collection":[{"href":"https:\/\/infra-suisse.ch\/it\/wp-json\/wp\/v2\/pages"}],"about":[{"href":"https:\/\/infra-suisse.ch\/it\/wp-json\/wp\/v2\/types\/page"}],"author":[{"embeddable":true,"href":"https:\/\/infra-suisse.ch\/it\/wp-json\/wp\/v2\/users\/66"}],"replies":[{"embeddable":true,"href":"https:\/\/infra-suisse.ch\/it\/wp-json\/wp\/v2\/comments?post=5021"}],"version-history":[{"count":3,"href":"https:\/\/infra-suisse.ch\/it\/wp-json\/wp\/v2\/pages\/5021\/revisions"}],"predecessor-version":[{"id":34822,"href":"https:\/\/infra-suisse.ch\/it\/wp-json\/wp\/v2\/pages\/5021\/revisions\/34822"}],"up":[{"embeddable":true,"href":"https:\/\/infra-suisse.ch\/it\/wp-json\/wp\/v2\/pages\/16643"}],"wp:featuredmedia":[{"embeddable":true,"href":"https:\/\/infra-suisse.ch\/it\/wp-json\/wp\/v2\/media\/4962"}],"wp:attachment":[{"href":"https:\/\/infra-suisse.ch\/it\/wp-json\/wp\/v2\/media?parent=5021"}],"curies":[{"name":"wp","href":"https:\/\/api.w.org\/{rel}","templated":true}]}}