{"id":18635,"date":"2020-01-15T15:22:17","date_gmt":"2020-01-15T14:22:17","guid":{"rendered":"https:\/\/infra-suisse.ch\/mercato\/sostenibilita\/qualitaet\/"},"modified":"2021-03-23T15:52:49","modified_gmt":"2021-03-23T14:52:49","slug":"qualita","status":"publish","type":"page","link":"https:\/\/infra-suisse.ch\/it\/mercato\/lapub-ciap\/qualita\/","title":{"rendered":"Quanto \u00e8 importante la qualit\u00e0 per i vostri acquisti?"},"content":{"rendered":"<p>Con la nuova legislazione sugli acquisti pubblici, le commesse ufficiali non possono pi\u00f9 essere assegnate semplicemente all\u2019offerta con il prezzo pi\u00f9 basso. Ora viene presa in considerazione &#8220;l\u2019offerta pi\u00f9 vantaggiosa&#8221;. La concorrenza incentrata sulla qualit\u00e0 acquista ora una maggiore importanza rispetto alla concorrenza incentrata sul puro prezzo. Lo si deriva dai nuovi criteri qualitativi di aggiudicazione come, per esempio, sostenibilit\u00e0, contenuto innovativo, plausibilit\u00e0 dell\u2019offerta o attendibilit\u00e0 del prezzo.<\/p>\n<p>La reale opportunit\u00e0 delle offerte qualitativamente migliori rispetto alle offerte a buon mercato dipende fortemente dal sistema con cui vengono valutate le offerte. I fattori sono essenzialmente i seguenti:<\/p>\n<ul>\n<li>La ponderazione del prezzo: quanto pesa il fattore prezzo rispetto agli altri criteri?<\/li>\n<li>Il gradiente della curva dei prezzi: come viene valutato il prezzo?<\/li>\n<li>La qualit\u00e0 minima: che punteggio deve essere raggiunto nei criteri di qualit\u00e0 per poter essere presi in considerazione per la commessa?<\/li>\n<\/ul>\n<p>Quanto vale per voi la qualit\u00e0?<\/p>\n<h3>Mettete alla prova il vostro sistema di valutazione<\/h3>\n<div class=\"content\">\n<div class=\"range-slider\">Che peso date nella vostra ponderazione al tema del prezzo?<br \/>\nPrezzo <span class=\"quality\">Qualit\u00e0<\/span><br \/>\n<input id=\"pricing\" class=\"range-slider__range relevant\" max=\"100\" min=\"0\" step=\"5\" type=\"range\" value=\"70\" \/><span class=\"range-slider__value\">70%<\/span><span class=\"range-slider__value_opposite\">30%<\/span><\/div>\n<div class=\"range-slider\">Per voi, quanto sopra l\u2019offerta di prezzo pi\u00f9 bassa pu\u00f2 collocarsi il prezzo che non ricever\u00e0 pi\u00f9 alcun punto?<br \/>\n<input id=\"variation\" class=\"range-slider__range\" max=\"100\" min=\"1\" step=\"1\" type=\"range\" value=\"30\" \/><span class=\"range-slider__value_opposite exempt\">30%<\/span><\/div>\n<div class=\"range-slider\">Quale qualit\u00e0 minima esigete su una scala da 0 a 10?<br \/>\n<input id=\"qualitypoints\" class=\"range-slider__range\" max=\"10\" min=\"0\" step=\"1\" type=\"range\" value=\"6\" \/><span class=\"range-slider__value_opposite exempt nopercent\">6<\/span><\/div>\n<\/div>\n<h3>Risultato<\/h3>\n<p>L\u2019offerta qualitativamente migliore vincer\u00e0 contro l\u2019offerta pi\u00f9 a buon mercato e peggiore solo se il suo prezzo non sar\u00e0 superiore al <span id=\"variance\">5.1%<\/span>.<\/p>\n<p><strong>L\u2019influenza del prezzo nel vostro sistema di valutazione \u00e8 effettivamente del <span id=\"price\">94.9%<\/span>.<\/strong><\/p>\n<p><script src='https:\/\/cdnjs.cloudflare.com\/ajax\/libs\/jquery\/2.1.3\/jquery.min.js'><\/script><\/p>\n<style>.nopercent .percent{display:none}h1{text-shadow:yes !important;color:#ffffff;}#variation{width:calc(100% - (80px))}#qualitypoints{width:calc(100% - (80px))}.quality{float:right;margin-right:10px;}.entry-header{display:yes}*,:after,:before{box-sizing:border-box}body{font-family:\"akzidenz-grotesk\",Helvetica,Arial,sans-serif;margin:0}.range-slider__range{-webkit-appearance:none;width:calc(100% - (146px));height:10px;border-radius:5px;background:#858585;outline:0;padding:0;margin:0}.range-slider__range::-webkit-slider-thumb{-webkit-appearance:none;appearance:none;width:20px;height:20px;border-radius:50%;background:#e73943;cursor:pointer;transition:background .15s ease-in-out}.range-slider__range::-webkit-slider-thumb:hover{background:#e73943}.range-slider__range:active::-webkit-slider-thumb{background:#e73943}.range-slider__range::-moz-range-thumb{width:20px;height:20px;border:0;border-radius:50%;background:#e73943;cursor:pointer;transition:background .15s ease-in-out}.range-slider__range::-moz-range-thumb:hover{background:#e73943}.range-slider__range:active::-moz-range-thumb{background:#e73943}.range-slider__range:focus::-webkit-slider-thumb{box-shadow:0 0 0 3px #fff,0 0 0 6px #e73943}.range-slider__value{float:left;display:inline-block;position:relative;width:60px;color:#fff;line-height:20px;text-align:center;border-radius:3px;background:#e73943;padding:5px 10px;margin-right:8px}.range-slider__value:after{position:absolute;top:10px;right:-7px;width:0;height:0;border-top:7px solid transparent;border-left:7px solid #e73943;border-bottom:7px solid transparent;content:''}.range-slider__value_opposite{display:inline-block;position:relative;width:60px;color:#fff;line-height:20px;text-align:center;border-radius:3px;background:#e73943;padding:5px 10px;margin-left:8px}.range-slider__value_opposite:after{position:absolute;top:10px;left:-7px;width:0;height:0;border-top:7px solid transparent;border-right:7px solid #e73943;border-bottom:7px solid transparent;content:''}.exempt{background:#858585!important}.exempt:after{border-right:7px solid #858585!important}::-moz-range-track{background:#858585;border:0}input::-moz-focus-inner,input::-moz-focus-outer{border:0}.content{width:100%;height:100%;margin:0%;margin-top:0px;border:0px solid #e73943;border-radius:0px;padding:0% 0%}.range-slider{margin-bottom:25px}.last{margin-bottom:0!important}.header{padding:10px 16px;background:#fff;color:#e73943;position:fixed;top:0;text-align:center;width:100%;border-bottom:2px solid #e73943;z-index:10}.mini{width:30%}#numbers{float:right;font-size:15pt;margin-right:25px}.red{color:red!important}<\/style>\n<p><script>\nvar rangeSlider=function(){var a=$(\".range-slider\"),e=$(\".range-slider__range\"),r=$(\".range-slider__value\");a.each(function(){r.each(function(){var a=$(this).prev().attr(\"value\");$(this).html(a+\"%\")}),e.on(\"input\",function(){$(this).next(r).html(this.value  + '<span class=\"percent\" >%<\/span>');$(this).next(r).next(r).html(100-this.value  + \"%\")})})};rangeSlider(),$(\".range-slider__range\").mouseup(function(){var undercut=Math.round(10*((1-((parseInt($(\"#pricing\").val())-((100-parseInt($(\"#pricing\").val()))*((10-parseInt($(\"#qualitypoints\").val()))\/10)))\/parseInt($(\"#pricing\").val())))*parseInt($(\"#variation\").val())))\/10;$(\"#variance\").text(undercut+\"%\");$(\"#price\").text(100-undercut+\"%\");}),$(\".range-slider__range\").on('touchend', function(){var undercut=Math.round(10*((1-((parseInt($(\"#pricing\").val())-((100-parseInt($(\"#pricing\").val()))*((10-parseInt($(\"#qualitypoints\").val()))\/10)))\/parseInt($(\"#pricing\").val())))*parseInt($(\"#variation\").val())))\/10;$(\"#variance\").text(undercut+\"%\");$(\"#price\").text(100-undercut+\"%\");});\n<\/script><\/p>\n","protected":false},"excerpt":{"rendered":"<p>Con la nuova legislazione sugli acquisti pubblici, le commesse ufficiali non possono pi\u00f9 essere assegnate semplicemente all\u2019offerta con il prezzo pi\u00f9 basso. Ora viene presa in considerazione &#8220;l\u2019offerta pi\u00f9 vantaggiosa&#8221;. La concorrenza incentrata sulla qualit\u00e0 acquista ora una maggiore importanza rispetto alla concorrenza incentrata sul puro prezzo. Lo si deriva dai nuovi criteri qualitativi di&#8230;<\/p>\n","protected":false},"author":66,"featured_media":4971,"parent":20567,"menu_order":0,"comment_status":"closed","ping_status":"closed","template":"","meta":{"_acf_changed":false,"footnotes":""},"class_list":["post-18635","page","type-page","status-publish","has-post-thumbnail","hentry"],"acf":[],"_links":{"self":[{"href":"https:\/\/infra-suisse.ch\/it\/wp-json\/wp\/v2\/pages\/18635","targetHints":{"allow":["GET"]}}],"collection":[{"href":"https:\/\/infra-suisse.ch\/it\/wp-json\/wp\/v2\/pages"}],"about":[{"href":"https:\/\/infra-suisse.ch\/it\/wp-json\/wp\/v2\/types\/page"}],"author":[{"embeddable":true,"href":"https:\/\/infra-suisse.ch\/it\/wp-json\/wp\/v2\/users\/66"}],"replies":[{"embeddable":true,"href":"https:\/\/infra-suisse.ch\/it\/wp-json\/wp\/v2\/comments?post=18635"}],"version-history":[{"count":9,"href":"https:\/\/infra-suisse.ch\/it\/wp-json\/wp\/v2\/pages\/18635\/revisions"}],"predecessor-version":[{"id":21372,"href":"https:\/\/infra-suisse.ch\/it\/wp-json\/wp\/v2\/pages\/18635\/revisions\/21372"}],"up":[{"embeddable":true,"href":"https:\/\/infra-suisse.ch\/it\/wp-json\/wp\/v2\/pages\/20567"}],"wp:featuredmedia":[{"embeddable":true,"href":"https:\/\/infra-suisse.ch\/it\/wp-json\/wp\/v2\/media\/4971"}],"wp:attachment":[{"href":"https:\/\/infra-suisse.ch\/it\/wp-json\/wp\/v2\/media?parent=18635"}],"curies":[{"name":"wp","href":"https:\/\/api.w.org\/{rel}","templated":true}]}}