{"id":16643,"date":"2019-05-01T17:18:46","date_gmt":"2019-05-01T15:18:46","guid":{"rendered":"https:\/\/infra-suisse.ch\/?page_id=16643\/"},"modified":"2021-05-03T08:21:55","modified_gmt":"2021-05-03T06:21:55","slug":"sostenibilita","status":"publish","type":"page","link":"https:\/\/infra-suisse.ch\/it\/sostenibilita\/","title":{"rendered":"Sostenibilit\u00e0"},"content":{"rendered":"<p>La sostenibilit\u00e0 \u00e8 un tema importante anche nel settore della costruzione di infrastrutture. Per questo <a href=\"https:\/\/infra-suisse.ch\/it\/infra-suisse\/linee-guida\/\" target=\"_blank\" rel=\"noopener noreferrer\">Infra Suisse<\/a> si adopera fattivamente per promuoverla.<\/p>\n<p>Nella revisione della legislazione sugli acquisti, la sostenibilit\u00e0 \u00e8 un criterio per l\u2019aggiudicazione. I criteri quali-tativi \u2013 tra cui la sostenibilit\u00e0 \u2013 hanno pi\u00f9 peso nella LAPub e nel CIAP. Infra Suisse ha definito la sua <a href=\"https:\/\/infra-suisse.ch\/wp-content\/uploads\/2021\/01\/210120_Infra-Suisse_Strategia-sostenibilita.pdf\" target=\"_blank\" rel=\"noopener noreferrer\">strategia \u00abSostenibilit\u00e0 negli acquisti di Infrastrutture\u00bb<\/a>.<\/p>\n<p>Per sviluppare una comprensione condivisa della sostenibilit\u00e0, Infra Suisse partecipa al <a href=\"https:\/\/www.nnbs.ch\/\" target=\"_blank\" rel=\"noopener noreferrer\">Network Costruzione Sostenibile Svizzera (NNBS)<\/a>. Lo standard \u00abSNBS Infrastruktur\u00bb serve a valutare la sostenibilit\u00e0 dei progetti infrastrutturali.<\/p>\n<p>EFFC e DFI hanno sviluppato un <a href=\"https:\/\/www.effc.org\/how-we-operate\/eco%e2%82%82-foundations\/\" target=\"_blank\" rel=\"noopener noreferrer\">calcolatore di CO2<\/a> che calcola le emissioni di CO2 delle opere di fondazione e geotecniche. \u00c8 stato sviluppato per permettere agli appaltatori e ai clienti di valutare l&#8217;impronta di carbonio dei loro progetti.<\/p>\n","protected":false},"excerpt":{"rendered":"<p>La sostenibilit\u00e0 \u00e8 un tema importante anche nel settore della costruzione di infrastrutture. Per questo Infra Suisse si adopera fattivamente per promuoverla. Nella revisione della legislazione sugli acquisti, la sostenibilit\u00e0 \u00e8 un criterio per l\u2019aggiudicazione. I criteri quali-tativi \u2013 tra cui la sostenibilit\u00e0 \u2013 hanno pi\u00f9 peso nella LAPub e nel CIAP. Infra Suisse ha&#8230;<\/p>\n","protected":false},"author":66,"featured_media":3567,"parent":0,"menu_order":5,"comment_status":"closed","ping_status":"closed","template":"","meta":{"_acf_changed":false,"footnotes":""},"class_list":["post-16643","page","type-page","status-publish","has-post-thumbnail","hentry"],"acf":[],"_links":{"self":[{"href":"https:\/\/infra-suisse.ch\/it\/wp-json\/wp\/v2\/pages\/16643","targetHints":{"allow":["GET"]}}],"collection":[{"href":"https:\/\/infra-suisse.ch\/it\/wp-json\/wp\/v2\/pages"}],"about":[{"href":"https:\/\/infra-suisse.ch\/it\/wp-json\/wp\/v2\/types\/page"}],"author":[{"embeddable":true,"href":"https:\/\/infra-suisse.ch\/it\/wp-json\/wp\/v2\/users\/66"}],"replies":[{"embeddable":true,"href":"https:\/\/infra-suisse.ch\/it\/wp-json\/wp\/v2\/comments?post=16643"}],"version-history":[{"count":5,"href":"https:\/\/infra-suisse.ch\/it\/wp-json\/wp\/v2\/pages\/16643\/revisions"}],"predecessor-version":[{"id":21833,"href":"https:\/\/infra-suisse.ch\/it\/wp-json\/wp\/v2\/pages\/16643\/revisions\/21833"}],"wp:featuredmedia":[{"embeddable":true,"href":"https:\/\/infra-suisse.ch\/it\/wp-json\/wp\/v2\/media\/3567"}],"wp:attachment":[{"href":"https:\/\/infra-suisse.ch\/it\/wp-json\/wp\/v2\/media?parent=16643"}],"curies":[{"name":"wp","href":"https:\/\/api.w.org\/{rel}","templated":true}]}}