{"id":35339,"date":"2025-10-21T07:35:12","date_gmt":"2025-10-21T05:35:12","guid":{"rendered":"https:\/\/infra-suisse.ch\/?post_type=product&#038;p=35339"},"modified":"2025-10-21T07:50:39","modified_gmt":"2025-10-21T05:50:39","slug":"brochure-constructeur-trice-de-routes-kopie","status":"publish","type":"product","link":"https:\/\/infra-suisse.ch\/fr\/boutique\/brochure-constructeur-trice-de-routes-kopie\/","title":{"rendered":"Brochure: Constructeur\/trice de routes"},"content":{"rendered":"","protected":false},"excerpt":{"rendered":"<p>En tant que constructeur\/trice de routes, tu es celui ou celle qui relie la Suisse! Quand de grands projets prennent forme, tu es au centre de l\u2019action. Gr\u00e2ce \u00e0 toi, routes, ponts, a\u00e9roports et autres axes vitaux voient le jour et restent en parfait \u00e9tat. Chaque jour, tu rel\u00e8ves de nouveaux d\u00e9fis \u2013 car aucun chantier ne ressemble au pr\u00e9c\u00e9dent. Ces brochures sont disponibles en fran\u00e7ais, allemand ou italien.<\/p>\n","protected":false},"featured_media":35348,"comment_status":"closed","ping_status":"closed","template":"","meta":{"_acf_changed":false},"product_brand":[],"product_cat":[147],"product_tag":[],"class_list":{"0":"post-35339","1":"product","2":"type-product","3":"status-publish","4":"has-post-thumbnail","6":"product_cat-brochure-dinformation","8":"first","9":"instock","10":"taxable","11":"shipping-taxable","12":"product-type-external"},"acf":[],"_links":{"self":[{"href":"https:\/\/infra-suisse.ch\/fr\/wp-json\/wp\/v2\/product\/35339","targetHints":{"allow":["GET"]}}],"collection":[{"href":"https:\/\/infra-suisse.ch\/fr\/wp-json\/wp\/v2\/product"}],"about":[{"href":"https:\/\/infra-suisse.ch\/fr\/wp-json\/wp\/v2\/types\/product"}],"replies":[{"embeddable":true,"href":"https:\/\/infra-suisse.ch\/fr\/wp-json\/wp\/v2\/comments?post=35339"}],"wp:featuredmedia":[{"embeddable":true,"href":"https:\/\/infra-suisse.ch\/fr\/wp-json\/wp\/v2\/media\/35348"}],"wp:attachment":[{"href":"https:\/\/infra-suisse.ch\/fr\/wp-json\/wp\/v2\/media?parent=35339"}],"wp:term":[{"taxonomy":"product_brand","embeddable":true,"href":"https:\/\/infra-suisse.ch\/fr\/wp-json\/wp\/v2\/product_brand?post=35339"},{"taxonomy":"product_cat","embeddable":true,"href":"https:\/\/infra-suisse.ch\/fr\/wp-json\/wp\/v2\/product_cat?post=35339"},{"taxonomy":"product_tag","embeddable":true,"href":"https:\/\/infra-suisse.ch\/fr\/wp-json\/wp\/v2\/product_tag?post=35339"}],"curies":[{"name":"wp","href":"https:\/\/api.w.org\/{rel}","templated":true}]}}