{"id":2942,"date":"2016-02-10T11:05:27","date_gmt":"2016-02-10T10:05:27","guid":{"rendered":"http:\/\/infra-suisse.ch\/fr\/produkt\/grundbauerin-grundbauer-informationsbroschuere\/"},"modified":"2025-10-21T08:16:59","modified_gmt":"2025-10-21T06:16:59","slug":"constructeur-constructrice-de-fondations","status":"publish","type":"product","link":"https:\/\/infra-suisse.ch\/fr\/boutique\/constructeur-constructrice-de-fondations\/","title":{"rendered":"Brochure: Constructeur\/trice de fondations"},"content":{"rendered":"","protected":false},"excerpt":{"rendered":"<p>Sans toi, rien ne va sur le chantier. En tant que constructeur\/trice de fondations, tu poses les bases de tous les grands projets de construction. Qu\u2019il s\u2019agisse de fondations massives, de fouilles s\u00fbres ou de pieux stables, tu veilles \u00e0 ce que les b\u00e2timents, les ponts et les routes reposent sur des fondations solides. Ces brochures sont disponibles en fran\u00e7ais, allemand ou italien.<\/p>\n","protected":false},"featured_media":35361,"comment_status":"closed","ping_status":"closed","template":"","meta":{"_acf_changed":false},"product_brand":[],"product_cat":[147],"product_tag":[],"class_list":{"0":"post-2942","1":"product","2":"type-product","3":"status-publish","4":"has-post-thumbnail","6":"product_cat-brochure-dinformation","8":"first","9":"instock","10":"taxable","11":"shipping-taxable","12":"product-type-external"},"acf":[],"_links":{"self":[{"href":"https:\/\/infra-suisse.ch\/fr\/wp-json\/wp\/v2\/product\/2942","targetHints":{"allow":["GET"]}}],"collection":[{"href":"https:\/\/infra-suisse.ch\/fr\/wp-json\/wp\/v2\/product"}],"about":[{"href":"https:\/\/infra-suisse.ch\/fr\/wp-json\/wp\/v2\/types\/product"}],"replies":[{"embeddable":true,"href":"https:\/\/infra-suisse.ch\/fr\/wp-json\/wp\/v2\/comments?post=2942"}],"wp:featuredmedia":[{"embeddable":true,"href":"https:\/\/infra-suisse.ch\/fr\/wp-json\/wp\/v2\/media\/35361"}],"wp:attachment":[{"href":"https:\/\/infra-suisse.ch\/fr\/wp-json\/wp\/v2\/media?parent=2942"}],"wp:term":[{"taxonomy":"product_brand","embeddable":true,"href":"https:\/\/infra-suisse.ch\/fr\/wp-json\/wp\/v2\/product_brand?post=2942"},{"taxonomy":"product_cat","embeddable":true,"href":"https:\/\/infra-suisse.ch\/fr\/wp-json\/wp\/v2\/product_cat?post=2942"},{"taxonomy":"product_tag","embeddable":true,"href":"https:\/\/infra-suisse.ch\/fr\/wp-json\/wp\/v2\/product_tag?post=2942"}],"curies":[{"name":"wp","href":"https:\/\/api.w.org\/{rel}","templated":true}]}}