{"id":13629,"date":"2019-01-07T16:47:59","date_gmt":"2019-01-07T15:47:59","guid":{"rendered":"https:\/\/infra-suisse.ch\/?post_type=product&#038;p=13629\/"},"modified":"2024-09-04T13:26:26","modified_gmt":"2024-09-04T11:26:26","slug":"manuel-37-questions-et-reponses-sur-la-construction-routiere","status":"publish","type":"product","link":"https:\/\/infra-suisse.ch\/fr\/boutique\/manuel-37-questions-et-reponses-sur-la-construction-routiere\/","title":{"rendered":"Manuel: 37 questions et r\u00e9ponses sur la construction routi\u00e8re"},"content":{"rendered":"","protected":false},"excerpt":{"rendered":"<p>La construction de routes suscite r\u00e9guli\u00e8rement un grand int\u00e9r\u00eat de la part du public. Ce qui se cache derri\u00e8re une r\u00e9fection de rev\u00eatement, la conservation de la valeur ou les proc\u00e9dures de soumission est en revanche peu connu. Y compris de nombreux d\u00e9cideurs politiques. C\u2019est pourquoi Infra Suisse propose nouvellement un manuel expliquant avec des mots simples le monde de la construction routi\u00e8re.<\/p>\n","protected":false},"featured_media":13630,"comment_status":"closed","ping_status":"closed","template":"","meta":{"_acf_changed":false},"product_brand":[],"product_cat":[149],"product_tag":[434,435],"class_list":{"0":"post-13629","1":"product","2":"type-product","3":"status-publish","4":"has-post-thumbnail","6":"product_cat-livres","7":"product_tag-construction-routiere","8":"product_tag-livre","10":"first","11":"instock","12":"purchasable","13":"product-type-simple"},"acf":[],"_links":{"self":[{"href":"https:\/\/infra-suisse.ch\/fr\/wp-json\/wp\/v2\/product\/13629","targetHints":{"allow":["GET"]}}],"collection":[{"href":"https:\/\/infra-suisse.ch\/fr\/wp-json\/wp\/v2\/product"}],"about":[{"href":"https:\/\/infra-suisse.ch\/fr\/wp-json\/wp\/v2\/types\/product"}],"replies":[{"embeddable":true,"href":"https:\/\/infra-suisse.ch\/fr\/wp-json\/wp\/v2\/comments?post=13629"}],"wp:featuredmedia":[{"embeddable":true,"href":"https:\/\/infra-suisse.ch\/fr\/wp-json\/wp\/v2\/media\/13630"}],"wp:attachment":[{"href":"https:\/\/infra-suisse.ch\/fr\/wp-json\/wp\/v2\/media?parent=13629"}],"wp:term":[{"taxonomy":"product_brand","embeddable":true,"href":"https:\/\/infra-suisse.ch\/fr\/wp-json\/wp\/v2\/product_brand?post=13629"},{"taxonomy":"product_cat","embeddable":true,"href":"https:\/\/infra-suisse.ch\/fr\/wp-json\/wp\/v2\/product_cat?post=13629"},{"taxonomy":"product_tag","embeddable":true,"href":"https:\/\/infra-suisse.ch\/fr\/wp-json\/wp\/v2\/product_tag?post=13629"}],"curies":[{"name":"wp","href":"https:\/\/api.w.org\/{rel}","templated":true}]}}