{"id":994,"date":"2015-12-30T14:38:25","date_gmt":"2015-12-30T13:38:25","guid":{"rendered":"http:\/\/infra-suisse.ch\/fr\/?page_id=994"},"modified":"2016-01-13T07:53:50","modified_gmt":"2016-01-13T06:53:50","slug":"pousse-tubes","status":"publish","type":"page","link":"https:\/\/infra-suisse.ch\/fr\/constructeur-dinfrastructures\/pousse-tubes\/","title":{"rendered":"Pousse-tubes"},"content":{"rendered":"<p>Imaginez-vous ceci: quelque chose se construit droit devant votre maison et personne ne le remarque. L&rsquo;excavation sans tranch\u00e9e, telle est le domaine des pousse-tubes.<\/p>\n<p>Des conduites et tubes sont introduits et pouss\u00e9s dans le sous-sol \u00e0 l&rsquo;\u00e9cart du trafic et des riverains soucieux de leur tranquillit\u00e9. Suivant le mode de creusement, nous parlons de Microtunnelling ou de pousse-tube (for\u00e7age hydraulique). Leurs avantages sont ind\u00e9niables: des chantiers presque invisibles et aucune nuisance pour les riverains et usagers de la voie publique.<\/p>\n","protected":false},"excerpt":{"rendered":"<p>Imaginez-vous ceci: quelque chose se construit droit devant votre maison et personne ne le remarque. L&rsquo;excavation sans tranch\u00e9e, telle est le domaine des pousse-tubes. Des conduites et tubes sont introduits et pouss\u00e9s dans le sous-sol \u00e0 l&rsquo;\u00e9cart du trafic et des riverains soucieux de leur tranquillit\u00e9. Suivant le mode de creusement, nous parlons de Microtunnelling&#8230;<\/p>\n","protected":false},"author":66,"featured_media":726,"parent":965,"menu_order":35,"comment_status":"closed","ping_status":"closed","template":"","meta":{"_acf_changed":false,"footnotes":""},"class_list":["post-994","page","type-page","status-publish","has-post-thumbnail","hentry"],"acf":[],"_links":{"self":[{"href":"https:\/\/infra-suisse.ch\/fr\/wp-json\/wp\/v2\/pages\/994","targetHints":{"allow":["GET"]}}],"collection":[{"href":"https:\/\/infra-suisse.ch\/fr\/wp-json\/wp\/v2\/pages"}],"about":[{"href":"https:\/\/infra-suisse.ch\/fr\/wp-json\/wp\/v2\/types\/page"}],"author":[{"embeddable":true,"href":"https:\/\/infra-suisse.ch\/fr\/wp-json\/wp\/v2\/users\/66"}],"replies":[{"embeddable":true,"href":"https:\/\/infra-suisse.ch\/fr\/wp-json\/wp\/v2\/comments?post=994"}],"version-history":[{"count":1,"href":"https:\/\/infra-suisse.ch\/fr\/wp-json\/wp\/v2\/pages\/994\/revisions"}],"predecessor-version":[{"id":995,"href":"https:\/\/infra-suisse.ch\/fr\/wp-json\/wp\/v2\/pages\/994\/revisions\/995"}],"up":[{"embeddable":true,"href":"https:\/\/infra-suisse.ch\/fr\/wp-json\/wp\/v2\/pages\/965"}],"wp:featuredmedia":[{"embeddable":true,"href":"https:\/\/infra-suisse.ch\/fr\/wp-json\/wp\/v2\/media\/726"}],"wp:attachment":[{"href":"https:\/\/infra-suisse.ch\/fr\/wp-json\/wp\/v2\/media?parent=994"}],"curies":[{"name":"wp","href":"https:\/\/api.w.org\/{rel}","templated":true}]}}