{"id":971,"date":"2015-12-30T14:37:19","date_gmt":"2015-12-30T13:37:19","guid":{"rendered":"http:\/\/infra-suisse.ch\/fr\/?page_id=971"},"modified":"2020-02-20T12:41:41","modified_gmt":"2020-02-20T11:41:41","slug":"travaux-speciaux-du-genie-civil","status":"publish","type":"page","link":"https:\/\/infra-suisse.ch\/fr\/constructeur-dinfrastructures\/travaux-speciaux-du-genie-civil\/","title":{"rendered":"Travaux sp\u00e9ciaux du g\u00e9nie civil"},"content":{"rendered":"<p>Les constructeurs de fondations et les sp\u00e9cialistes en g\u00e9nie civil veillent \u00e0 la stabilit\u00e9 et \u00e0 la s\u00e9curit\u00e9 des ouvrages. Par leur travail, ils am\u00e9liorent et consolident le sol de fondation ou l&rsquo;assise d&rsquo;un b\u00e2timent, d&rsquo;un pont, d&rsquo;une voie, d&rsquo;une route ou d&rsquo;une d\u00e9fense de rive. Les sp\u00e9cialistes en g\u00e9nie civil sont d&rsquo;autre part des experts en mati\u00e8re de sondages de terrains \u00e0 b\u00e2tir ou de rabattements de la nappe phr\u00e9atique.<\/p>\n<p><a href=\"https:\/\/www.professions-construction.ch\/fr\/professions\/constructeur-de-fondations\/\" target=\"_blank\" rel=\"noopener noreferrer\">Les constructeurs de fondations<\/a> sont rarement des poids plume. Pour vaincre les forces de la nature, ils sortent l&rsquo;artillerie lourde \u00e0 l&rsquo;occasion: engins de forage, de fon\u00e7age ou pelles \u00e0 c\u00e2bles.<\/p>\n","protected":false},"excerpt":{"rendered":"<p>Les constructeurs de fondations et les sp\u00e9cialistes en g\u00e9nie civil veillent \u00e0 la stabilit\u00e9 et \u00e0 la s\u00e9curit\u00e9 des ouvrages. Par leur travail, ils am\u00e9liorent et consolident le sol de fondation ou l&rsquo;assise d&rsquo;un b\u00e2timent, d&rsquo;un pont, d&rsquo;une voie, d&rsquo;une route ou d&rsquo;une d\u00e9fense de rive. Les sp\u00e9cialistes en g\u00e9nie civil sont d&rsquo;autre part des&#8230;<\/p>\n","protected":false},"author":66,"featured_media":724,"parent":965,"menu_order":33,"comment_status":"closed","ping_status":"closed","template":"","meta":{"_acf_changed":false,"footnotes":""},"class_list":["post-971","page","type-page","status-publish","has-post-thumbnail","hentry"],"acf":[],"_links":{"self":[{"href":"https:\/\/infra-suisse.ch\/fr\/wp-json\/wp\/v2\/pages\/971","targetHints":{"allow":["GET"]}}],"collection":[{"href":"https:\/\/infra-suisse.ch\/fr\/wp-json\/wp\/v2\/pages"}],"about":[{"href":"https:\/\/infra-suisse.ch\/fr\/wp-json\/wp\/v2\/types\/page"}],"author":[{"embeddable":true,"href":"https:\/\/infra-suisse.ch\/fr\/wp-json\/wp\/v2\/users\/66"}],"replies":[{"embeddable":true,"href":"https:\/\/infra-suisse.ch\/fr\/wp-json\/wp\/v2\/comments?post=971"}],"version-history":[{"count":3,"href":"https:\/\/infra-suisse.ch\/fr\/wp-json\/wp\/v2\/pages\/971\/revisions"}],"predecessor-version":[{"id":18592,"href":"https:\/\/infra-suisse.ch\/fr\/wp-json\/wp\/v2\/pages\/971\/revisions\/18592"}],"up":[{"embeddable":true,"href":"https:\/\/infra-suisse.ch\/fr\/wp-json\/wp\/v2\/pages\/965"}],"wp:featuredmedia":[{"embeddable":true,"href":"https:\/\/infra-suisse.ch\/fr\/wp-json\/wp\/v2\/media\/724"}],"wp:attachment":[{"href":"https:\/\/infra-suisse.ch\/fr\/wp-json\/wp\/v2\/media?parent=971"}],"curies":[{"name":"wp","href":"https:\/\/api.w.org\/{rel}","templated":true}]}}