{"id":827,"date":"2015-12-29T16:44:39","date_gmt":"2015-12-29T15:44:39","guid":{"rendered":"http:\/\/infra-suisse.ch\/fr\/?page_id=827"},"modified":"2016-01-12T18:58:05","modified_gmt":"2016-01-12T17:58:05","slug":"prises-de-position","status":"publish","type":"page","link":"https:\/\/infra-suisse.ch\/fr\/politique\/prises-de-position\/","title":{"rendered":"Prises de position"},"content":{"rendered":"<p>Infra Suise donne le ton. Elle prend position dans les m\u00e9dias publics et sp\u00e9cialis\u00e9s sur des sujets actuels relevant de la politique de construction d&rsquo;infrastructures, des transports ou financi\u00e8re.<\/p>\n","protected":false},"excerpt":{"rendered":"<p>Infra Suise donne le ton. Elle prend position dans les m\u00e9dias publics et sp\u00e9cialis\u00e9s sur des sujets actuels relevant de la politique de construction d&rsquo;infrastructures, des transports ou financi\u00e8re.<\/p>\n","protected":false},"author":66,"featured_media":0,"parent":999,"menu_order":6,"comment_status":"closed","ping_status":"closed","template":"","meta":{"_acf_changed":false,"footnotes":""},"class_list":["post-827","page","type-page","status-publish","hentry"],"acf":[],"_links":{"self":[{"href":"https:\/\/infra-suisse.ch\/fr\/wp-json\/wp\/v2\/pages\/827","targetHints":{"allow":["GET"]}}],"collection":[{"href":"https:\/\/infra-suisse.ch\/fr\/wp-json\/wp\/v2\/pages"}],"about":[{"href":"https:\/\/infra-suisse.ch\/fr\/wp-json\/wp\/v2\/types\/page"}],"author":[{"embeddable":true,"href":"https:\/\/infra-suisse.ch\/fr\/wp-json\/wp\/v2\/users\/66"}],"replies":[{"embeddable":true,"href":"https:\/\/infra-suisse.ch\/fr\/wp-json\/wp\/v2\/comments?post=827"}],"version-history":[{"count":2,"href":"https:\/\/infra-suisse.ch\/fr\/wp-json\/wp\/v2\/pages\/827\/revisions"}],"predecessor-version":[{"id":918,"href":"https:\/\/infra-suisse.ch\/fr\/wp-json\/wp\/v2\/pages\/827\/revisions\/918"}],"up":[{"embeddable":true,"href":"https:\/\/infra-suisse.ch\/fr\/wp-json\/wp\/v2\/pages\/999"}],"wp:attachment":[{"href":"https:\/\/infra-suisse.ch\/fr\/wp-json\/wp\/v2\/media?parent=827"}],"curies":[{"name":"wp","href":"https:\/\/api.w.org\/{rel}","templated":true}]}}