{"id":6149,"date":"2016-10-24T15:38:02","date_gmt":"2016-10-24T13:38:02","guid":{"rendered":"http:\/\/infra-suisse.ch\/fr\/?page_id=6149"},"modified":"2016-10-27T14:03:37","modified_gmt":"2016-10-27T12:03:37","slug":"informations-dinfra-suisse","status":"publish","type":"page","link":"https:\/\/infra-suisse.ch\/fr\/informations-dinfra-suisse\/","title":{"rendered":"Informations d&rsquo;Infra Suisse"},"content":{"rendered":"\n<div class=\"wpcf7 no-js\" id=\"wpcf7-f6150-o1\" lang=\"fr-FR\" dir=\"ltr\" data-wpcf7-id=\"6150\">\n<div class=\"screen-reader-response\"><p role=\"status\" aria-live=\"polite\" aria-atomic=\"true\"><\/p> <ul><\/ul><\/div>\n<form action=\"\/fr\/wp-json\/wp\/v2\/pages\/6149#wpcf7-f6150-o1\" method=\"post\" class=\"wpcf7-form init\" aria-label=\"Formulaire de contact\" novalidate=\"novalidate\" data-status=\"init\">\n<fieldset class=\"hidden-fields-container\"><input type=\"hidden\" name=\"_wpcf7\" value=\"6150\" \/><input type=\"hidden\" name=\"_wpcf7_version\" value=\"6.1.5\" \/><input type=\"hidden\" name=\"_wpcf7_locale\" value=\"fr_FR\" \/><input type=\"hidden\" name=\"_wpcf7_unit_tag\" value=\"wpcf7-f6150-o1\" \/><input type=\"hidden\" name=\"_wpcf7_container_post\" value=\"0\" \/><input type=\"hidden\" name=\"_wpcf7_posted_data_hash\" value=\"\" \/><input type=\"hidden\" name=\"_wpcf7_recaptcha_response\" value=\"\" \/>\n<\/fieldset>\n<p><span class=\"wpcf7-form-control-wrap\" data-name=\"Newsletter\"><span class=\"wpcf7-form-control wpcf7-radio\"><span class=\"wpcf7-list-item first\"><input type=\"radio\" name=\"Newsletter\" value=\"J\u2019aimerais recevoir d\u2019informations d\u2019Infra Suisse par courriel.\" checked=\"checked\" \/><span class=\"wpcf7-list-item-label\">J\u2019aimerais recevoir d\u2019informations d\u2019Infra Suisse par courriel.<\/span><\/span><span class=\"wpcf7-list-item last\"><input type=\"radio\" name=\"Newsletter\" value=\"Je n\u2019aimerais plus recevoir d\u2019informations d\u2019Infra Suisse. Veuillez supprimer mon adresse dans votre liste d\u2019adresses.\" \/><span class=\"wpcf7-list-item-label\">Je n\u2019aimerais plus recevoir d\u2019informations d\u2019Infra Suisse. Veuillez supprimer mon adresse dans votre liste d\u2019adresses.<\/span><\/span><\/span><\/span>\n<\/p>\n<div class=\"small-6 columns\">\n\t<p><span class=\"wpcf7-form-control-wrap\" data-name=\"infra-nom\"><input size=\"40\" maxlength=\"400\" class=\"wpcf7-form-control wpcf7-text wpcf7-validates-as-required\" aria-required=\"true\" aria-invalid=\"false\" placeholder=\"Nom *\" value=\"\" type=\"text\" name=\"infra-nom\" \/><\/span>\n\t<\/p>\n<\/div>\n<div class=\"small-6 columns\">\n\t<p><span class=\"wpcf7-form-control-wrap\" data-name=\"infra-prenom\"><input size=\"40\" maxlength=\"400\" class=\"wpcf7-form-control wpcf7-text wpcf7-validates-as-required\" aria-required=\"true\" aria-invalid=\"false\" placeholder=\"Pr\u00e9nom *\" value=\"\" type=\"text\" name=\"infra-prenom\" \/><\/span>\n\t<\/p>\n<\/div>\n<div class=\"small-12 columns\">\n\t<p><span class=\"wpcf7-form-control-wrap\" data-name=\"infra-societe\"><input size=\"40\" maxlength=\"400\" class=\"wpcf7-form-control wpcf7-text\" aria-invalid=\"false\" placeholder=\"Soci\u00e9t\u00e9\" value=\"\" type=\"text\" name=\"infra-societe\" \/><\/span>\n\t<\/p>\n<\/div>\n<div class=\"small-6 columns\">\n\t<p><span class=\"wpcf7-form-control-wrap\" data-name=\"infra-rue\"><input size=\"40\" maxlength=\"400\" class=\"wpcf7-form-control wpcf7-text wpcf7-validates-as-required\" aria-required=\"true\" aria-invalid=\"false\" placeholder=\"Rue *\" value=\"\" type=\"text\" name=\"infra-rue\" \/><\/span>\n\t<\/p>\n<\/div>\n<div class=\"small-6 columns\">\n\t<p><span class=\"wpcf7-form-control-wrap\" data-name=\"infra-NPAlieu\"><input size=\"40\" maxlength=\"400\" class=\"wpcf7-form-control wpcf7-text wpcf7-validates-as-required\" aria-required=\"true\" aria-invalid=\"false\" placeholder=\"NPA \/ Lieu *\" value=\"\" type=\"text\" name=\"infra-NPAlieu\" \/><\/span>\n\t<\/p>\n<\/div>\n<div class=\"small-6 columns\">\n\t<p><span class=\"wpcf7-form-control-wrap\" data-name=\"infra-email\"><input size=\"40\" maxlength=\"400\" class=\"wpcf7-form-control wpcf7-email wpcf7-validates-as-required wpcf7-text wpcf7-validates-as-email\" aria-required=\"true\" aria-invalid=\"false\" placeholder=\"E-Mail *\" value=\"\" type=\"email\" name=\"infra-email\" \/><\/span>\n\t<\/p>\n<\/div>\n<div class=\"small-6 columns\">\n\t<p><span class=\"wpcf7-form-control-wrap\" data-name=\"infra-telephone\"><input size=\"40\" maxlength=\"400\" class=\"wpcf7-form-control wpcf7-tel wpcf7-text wpcf7-validates-as-tel\" aria-invalid=\"false\" placeholder=\"T\u00e9l\u00e9phone\" value=\"\" type=\"tel\" name=\"infra-telephone\" \/><\/span>\n\t<\/p>\n<\/div>\n<div class=\"small-12 acceptance\">\n\t<p><span class=\"wpcf7-form-control-wrap\" data-name=\"acceptance-912\"><span class=\"wpcf7-form-control wpcf7-acceptance\"><span class=\"wpcf7-list-item\"><label><input type=\"checkbox\" name=\"acceptance-912\" value=\"1\" aria-invalid=\"false\" \/><span class=\"wpcf7-list-item-label\">J'accepte la <a href=\"https:\/\/infra-suisse.ch\/fr\/protection-des-donnees\/\" target=\"_blank\">Directive sur la protection des donn\u00e9es<\/a> et je consens \u00e0 ce que les donn\u00e9es mentionn\u00e9es ci-dessus soient collect\u00e9es, trait\u00e9es et utilis\u00e9es pour traiter ma demande.*<\/span><\/label><\/span><\/span><\/span>\n\t<\/p>\n<\/div>\n<p><input class=\"wpcf7-form-control wpcf7-submit has-spinner red-btn\" type=\"submit\" value=\"Envoyer\" \/>\n<\/p>\n<p>Les membres d'Infra Suisse re\u00e7oivent de plus informations. Contactez-nous si vous souhaitez que nous ajustions votre abonnement au courrier \u00e9lectronique.\n<\/p><div class=\"wpcf7-response-output\" aria-hidden=\"true\"><\/div>\n<\/form>\n<\/div>\n\n","protected":false},"excerpt":{"rendered":"","protected":false},"author":66,"featured_media":6066,"parent":0,"menu_order":0,"comment_status":"closed","ping_status":"closed","template":"","meta":{"_acf_changed":false,"footnotes":""},"class_list":["post-6149","page","type-page","status-publish","has-post-thumbnail","hentry"],"acf":[],"_links":{"self":[{"href":"https:\/\/infra-suisse.ch\/fr\/wp-json\/wp\/v2\/pages\/6149","targetHints":{"allow":["GET"]}}],"collection":[{"href":"https:\/\/infra-suisse.ch\/fr\/wp-json\/wp\/v2\/pages"}],"about":[{"href":"https:\/\/infra-suisse.ch\/fr\/wp-json\/wp\/v2\/types\/page"}],"author":[{"embeddable":true,"href":"https:\/\/infra-suisse.ch\/fr\/wp-json\/wp\/v2\/users\/66"}],"replies":[{"embeddable":true,"href":"https:\/\/infra-suisse.ch\/fr\/wp-json\/wp\/v2\/comments?post=6149"}],"version-history":[{"count":0,"href":"https:\/\/infra-suisse.ch\/fr\/wp-json\/wp\/v2\/pages\/6149\/revisions"}],"wp:featuredmedia":[{"embeddable":true,"href":"https:\/\/infra-suisse.ch\/fr\/wp-json\/wp\/v2\/media\/6066"}],"wp:attachment":[{"href":"https:\/\/infra-suisse.ch\/fr\/wp-json\/wp\/v2\/media?parent=6149"}],"curies":[{"name":"wp","href":"https:\/\/api.w.org\/{rel}","templated":true}]}}