{"id":5084,"date":"2016-06-29T17:12:58","date_gmt":"2016-06-29T15:12:58","guid":{"rendered":"http:\/\/infra-suisse.ch\/fr\/?page_id=5084"},"modified":"2018-03-27T11:07:15","modified_gmt":"2018-03-27T09:07:15","slug":"digitalisation","status":"publish","type":"page","link":"https:\/\/infra-suisse.ch\/fr\/marche\/digitalisation\/","title":{"rendered":"La num\u00e9risation"},"content":{"rendered":"<p>La num\u00e9risation vise \u00e0 cr\u00e9er, pour les entreprises de construction, les conditions pr\u00e9alables pour la disponibilit\u00e9 et la mise en r\u00e9seau de toutes les donn\u00e9es pertinentes des acteurs de la construction. A cet \u00e9gard, Infra Suisse se consid\u00e8re comme l\u2019organisation leader des entreprises de construction pour tout ce qui concerne la num\u00e9risation dans la construction suisse d\u2019infrastructures.<\/p>\n<p>Attendre que les autorit\u00e9s ou un ma\u00eetre d\u2019ouvrage fixent les r\u00e8gles de la construction num\u00e9rique serait une erreur. En collaboration avec les entreprises affili\u00e9es, Infra Suisse veut participer d\u00e8s le d\u00e9but au virage num\u00e9rique. C\u2019est un point tr\u00e8s important. Les entreprises de construction n\u2019interviennent, certes, que durant une phase relativement courte du cycle de vie d\u2019un ouvrage : la conception qui pr\u00e9c\u00e8de cette phase et, surtout, l\u2019exploitation qui la suit durent g\u00e9n\u00e9ralement nettement plus longtemps. Malgr\u00e9 cela, la r\u00e9alisation rev\u00eat une importance toute particuli\u00e8re. En effet, c\u2019est durant celle-ci que les plans donnent naissance \u00e0 des objets concrets. Ne serait-ce que pour cette raison, les int\u00e9r\u00eats et les besoins des entreprises de construction doivent \u00eatre pris en compte dans le cadre de la num\u00e9risation de la construction. C\u2019est l\u00e0 qu\u2019Infra Suisse veut intervenir, en tant qu\u2019organisation leader des entreprises de construction, pour tout ce qui concerne la num\u00e9risation dans la construction suisse d\u2019infrastructures:<\/p>\n<ul>\n<li style=\"list-style-type: none;\">\n<ul>\n<li>Infra Suisse s\u2019engage pour des conditions cadre tenant compte des int\u00e9r\u00eats et des besoins des entreprises de construction actives dans la construction d\u2019infrastructures.<\/li>\n<li>Infra Suisse d\u00e9fend les int\u00e9r\u00eats des entreprises de construction actives dans la construction d\u2019infrastructures face \u00e0 toutes les organisations participant \u00e0 la num\u00e9risation dans la construction d\u2019infrastructures (<a href=\"http:\/\/www.baumeister.ch\/fr\/\" target=\"_blank\" rel=\"noopener noreferrer\">SSE<\/a>, <a href=\"http:\/\/www.crb.ch\/crbOnline\/fr\/\" target=\"_blank\" rel=\"noopener noreferrer\">CRB<\/a>, <a href=\"http:\/\/www.vss.ch\/fr\/\" target=\"_blank\" rel=\"noopener noreferrer\">VSS<\/a>, <a href=\"http:\/\/www.sia.ch\/fr\/\" target=\"_blank\" rel=\"noopener noreferrer\">SIA<\/a>, <a href=\"https:\/\/bauen-digital.ch\/fr\/\" target=\"_blank\" rel=\"noopener noreferrer\">B\u00e2tir digital Suisse<\/a>, <a href=\"https:\/\/www.kbob.admin.ch\/kbob\/fr\/home.html\" target=\"_blank\" rel=\"noopener noreferrer\">KBOB<\/a>, <a href=\"https:\/\/www.usic.ch\/fr\/\" target=\"_blank\" rel=\"noopener noreferrer\">usic<\/a> etc.).<\/li>\n<li>Infra Suisse entretien des \u00e9changes r\u00e9guliers avec ses membres, d\u2019autres organisations professionnelles (construction de machines, g\u00e9ologie, mensuration, etc.) et les ma\u00eetres d\u2019ouvrage sur l\u2019\u00e9tat d\u2019avancement et l\u2019\u00e9volution de la num\u00e9risation dans la construction d\u2019infrastructures.<\/li>\n<li>Infra Suisse promeut l\u2019acquisition de connaissances et de comp\u00e9tences dans le domaine de la num\u00e9risation dans la construction d\u2019infrastructures, dans le cadre de la <a href=\"https:\/\/infra-suisse.ch\/fr\/formation\/formation-initiale\/\" target=\"_blank\" rel=\"noopener noreferrer\">formation professionnelle initiale<\/a>, du <a href=\"https:\/\/infra-suisse.ch\/fr\/formation\/formation-continue\/\" target=\"_blank\" rel=\"noopener noreferrer\">perfectionnement<\/a> et de la <a href=\"https:\/\/infra-suisse.ch\/fr\/formation\/hautes-ecoles\/\" target=\"_blank\" rel=\"noopener noreferrer\">formation professionnelle sup\u00e9rieure<\/a> dans le domaine de la construction d\u2019infrastructures.<\/li>\n<\/ul>\n<\/li>\n<\/ul>\n<p>Lors de sa s\u00e9ance de janvier 2018, le comit\u00e9 d\u2018Infra Suisse a d\u00e9fini les points forts strat\u00e9giques et les mesures. Cliquez sur ce <a href=\"https:\/\/infra-suisse.ch\/wp-content\/uploads\/2016\/06\/180209-Infra-Suisse-Strat%C3%A9gie-num%C3%A9risation.pdf\" target=\"_blank\" rel=\"noopener noreferrer\">lien<\/a> ou en bas de page pour t\u00e9l\u00e9charger le document \u00abStrat\u00e9gie num\u00e9rique\u00bb.<\/p>\n","protected":false},"excerpt":{"rendered":"<p>La num\u00e9risation vise \u00e0 cr\u00e9er, pour les entreprises de construction, les conditions pr\u00e9alables pour la disponibilit\u00e9 et la mise en r\u00e9seau de toutes les donn\u00e9es pertinentes des acteurs de la construction. A cet \u00e9gard, Infra Suisse se consid\u00e8re comme l\u2019organisation leader des entreprises de construction pour tout ce qui concerne la num\u00e9risation dans la construction&#8230;<\/p>\n","protected":false},"author":66,"featured_media":5002,"parent":5009,"menu_order":0,"comment_status":"closed","ping_status":"closed","template":"","meta":{"_acf_changed":false,"footnotes":""},"class_list":["post-5084","page","type-page","status-publish","has-post-thumbnail","hentry"],"acf":[],"_links":{"self":[{"href":"https:\/\/infra-suisse.ch\/fr\/wp-json\/wp\/v2\/pages\/5084","targetHints":{"allow":["GET"]}}],"collection":[{"href":"https:\/\/infra-suisse.ch\/fr\/wp-json\/wp\/v2\/pages"}],"about":[{"href":"https:\/\/infra-suisse.ch\/fr\/wp-json\/wp\/v2\/types\/page"}],"author":[{"embeddable":true,"href":"https:\/\/infra-suisse.ch\/fr\/wp-json\/wp\/v2\/users\/66"}],"replies":[{"embeddable":true,"href":"https:\/\/infra-suisse.ch\/fr\/wp-json\/wp\/v2\/comments?post=5084"}],"version-history":[{"count":3,"href":"https:\/\/infra-suisse.ch\/fr\/wp-json\/wp\/v2\/pages\/5084\/revisions"}],"predecessor-version":[{"id":12065,"href":"https:\/\/infra-suisse.ch\/fr\/wp-json\/wp\/v2\/pages\/5084\/revisions\/12065"}],"up":[{"embeddable":true,"href":"https:\/\/infra-suisse.ch\/fr\/wp-json\/wp\/v2\/pages\/5009"}],"wp:featuredmedia":[{"embeddable":true,"href":"https:\/\/infra-suisse.ch\/fr\/wp-json\/wp\/v2\/media\/5002"}],"wp:attachment":[{"href":"https:\/\/infra-suisse.ch\/fr\/wp-json\/wp\/v2\/media?parent=5084"}],"curies":[{"name":"wp","href":"https:\/\/api.w.org\/{rel}","templated":true}]}}