{"id":5010,"date":"2016-01-10T23:18:57","date_gmt":"2016-01-10T22:18:57","guid":{"rendered":"http:\/\/infra-suisse.ch\/fr\/?page_id=5010"},"modified":"2016-07-05T20:21:40","modified_gmt":"2016-07-05T18:21:40","slug":"normes","status":"publish","type":"page","link":"https:\/\/infra-suisse.ch\/fr\/marche\/normes\/","title":{"rendered":"Normes"},"content":{"rendered":"<p>La qualit\u00e9 est le commencement et la fin. Notamment dans la construction d&rsquo;infrastructures, les ouvrages devant remplir leur mission durant des d\u00e9cennies. Infra Suisse veille \u00e0 ce que la qualit\u00e9 de construction soit am\u00e9lior\u00e9e en permanence, les processus simplifi\u00e9s et les co\u00fbts de planification et de r\u00e9alisation initiale des constructions d&rsquo;infrastructures abaiss\u00e9s.\u00a0Elle n&rsquo;est pas seule dans ce domaine et s&rsquo;assure le concours de l&rsquo;Association suisse de normalisation (ASN), de la Soci\u00e9t\u00e9 suisse des ing\u00e9nieurs et des architectes (SIA) et de l&rsquo;Association suisse des professionnels de la route et des transports (VSS).<\/p>\n<p>Infra Suisse d\u00e9fend les int\u00e9r\u00eats des entreprises de construction lors de la mise en consultation de normes et de directives, et repr\u00e9sente ces entreprises dans ces commissions techniques et des groupes de travail.<\/p>\n","protected":false},"excerpt":{"rendered":"<p>La qualit\u00e9 est le commencement et la fin. Notamment dans la construction d&rsquo;infrastructures, les ouvrages devant remplir leur mission durant des d\u00e9cennies. Infra Suisse veille \u00e0 ce que la qualit\u00e9 de construction soit am\u00e9lior\u00e9e en permanence, les processus simplifi\u00e9s et les co\u00fbts de planification et de r\u00e9alisation initiale des constructions d&rsquo;infrastructures abaiss\u00e9s.\u00a0Elle n&rsquo;est pas seule&#8230;<\/p>\n","protected":false},"author":66,"featured_media":4970,"parent":5009,"menu_order":73,"comment_status":"closed","ping_status":"closed","template":"","meta":{"_acf_changed":false,"footnotes":""},"class_list":["post-5010","page","type-page","status-publish","has-post-thumbnail","hentry"],"acf":[],"_links":{"self":[{"href":"https:\/\/infra-suisse.ch\/fr\/wp-json\/wp\/v2\/pages\/5010","targetHints":{"allow":["GET"]}}],"collection":[{"href":"https:\/\/infra-suisse.ch\/fr\/wp-json\/wp\/v2\/pages"}],"about":[{"href":"https:\/\/infra-suisse.ch\/fr\/wp-json\/wp\/v2\/types\/page"}],"author":[{"embeddable":true,"href":"https:\/\/infra-suisse.ch\/fr\/wp-json\/wp\/v2\/users\/66"}],"replies":[{"embeddable":true,"href":"https:\/\/infra-suisse.ch\/fr\/wp-json\/wp\/v2\/comments?post=5010"}],"version-history":[{"count":0,"href":"https:\/\/infra-suisse.ch\/fr\/wp-json\/wp\/v2\/pages\/5010\/revisions"}],"up":[{"embeddable":true,"href":"https:\/\/infra-suisse.ch\/fr\/wp-json\/wp\/v2\/pages\/5009"}],"wp:featuredmedia":[{"embeddable":true,"href":"https:\/\/infra-suisse.ch\/fr\/wp-json\/wp\/v2\/media\/4970"}],"wp:attachment":[{"href":"https:\/\/infra-suisse.ch\/fr\/wp-json\/wp\/v2\/media?parent=5010"}],"curies":[{"name":"wp","href":"https:\/\/api.w.org\/{rel}","templated":true}]}}