{"id":5008,"date":"2016-01-10T23:19:04","date_gmt":"2016-01-10T22:19:04","guid":{"rendered":"http:\/\/infra-suisse.ch\/fr\/?page_id=5008"},"modified":"2025-05-27T07:10:14","modified_gmt":"2025-05-27T05:10:14","slug":"alliance-autour-dun-projet","status":"publish","type":"page","link":"https:\/\/infra-suisse.ch\/fr\/durabilite\/alliance-autour-dun-projet\/","title":{"rendered":"Alliance autour d&rsquo;un projet"},"content":{"rendered":"<p>Les entreprises de construction, les bureaux de concepteurs et les ma\u00eetres d\u2019ouvrages souffrent tous de l\u2019augmentation constante de la pression sur les co\u00fbts et les d\u00e9lais. Le ton s\u2019est durci dans le secteur. Des alliances autour de projets et un nouveau mode de collaboration permettraient de favoriser la confiance et la coop\u00e9ration dans le secteur de la construction. Infra Suisse veut faire conna\u00eetre et appr\u00e9cier en Suisse les alliances autour de projets. Des mod\u00e8les sont actuellement d\u00e9velopp\u00e9s et des projets potentiels \u00e9tudi\u00e9s.<\/p>\n<h4>Qu\u2019est-ce qu\u2019une alliance autour d\u2019un projet\u00a0?<\/h4>\n<p>Les alliances autour de projets conviennent avant tout pour des projets complexes et de grande envergure. Pour faire simple, l\u2019alliance autour d\u2019un projet est un groupement d\u2019entreprises (GE) r\u00e9unissant non seulement des entreprises, mais aussi des concepteurs et m\u00eame le ma\u00eetre de l\u2019ouvrage. Ce mod\u00e8le a fait ses preuves \u00e0 l\u2019\u00e9tranger pour des projets complexes. Dans ce groupement, tous poursuivent le m\u00eame but\u00a0: trouver la meilleure solution pour le projet. Tous les partenaires sont par cons\u00e9quent responsables ensemble et solidairement du succ\u00e8s du projet. Le syst\u00e8me de r\u00e9mun\u00e9ration est con\u00e7u de telle mani\u00e8re que tous sont gagnants ou perdants. Un b\u00e9n\u00e9fice est r\u00e9parti entre les membres de l\u2019alliance selon une cl\u00e9 de r\u00e9partition d\u00e9finie avant le d\u00e9but du projet. Si les exigences minimales ne sont pas atteintes, chaque partenaire de l\u2019alliance supporte une part \u00e9galement pr\u00e9d\u00e9finie de l\u2019insucc\u00e8s \u2013 y compris le ma\u00eetre de l\u2019ouvrage. Si les exigences sont d\u00e9pass\u00e9es gr\u00e2ce \u00e0 des prestations remarquables, tous en profitent.<\/p>\n<h4>Comment forme-t-on une alliance autour d\u2019un projet\u00a0?<\/h4>\n<p>L\u2019acquisition se fait le plus souvent au moyen d\u2019une proc\u00e9dure d\u2019invitation et de pr\u00e9qualification en plusieurs \u00e9tapes. L\u2019entreprise postule pour l\u2019appel d\u2019offres en collaboration avec un concepteur de son choix. Dans le cadre des s\u00e9ances de dialogue, les soumissionnaires r\u00e9solvent ensemble les probl\u00e8mes relatifs au projet. Cela permet de tester la cr\u00e9ativit\u00e9, la recherche de solutions, les comp\u00e9tences de communication, l\u2019attitude face aux risques et la capacit\u00e9 de coordination. Les partenaires de l\u2019alliance consignent par \u00e9crit qui fait quoi.<\/p>\n","protected":false},"excerpt":{"rendered":"<p>Les entreprises de construction, les bureaux de concepteurs et les ma\u00eetres d\u2019ouvrages souffrent tous de l\u2019augmentation constante de la pression sur les co\u00fbts et les d\u00e9lais. Le ton s\u2019est durci dans le secteur. Des alliances autour de projets et un nouveau mode de collaboration permettraient de favoriser la confiance et la coop\u00e9ration dans le secteur&#8230;<\/p>\n","protected":false},"author":66,"featured_media":4961,"parent":16194,"menu_order":74,"comment_status":"closed","ping_status":"closed","template":"","meta":{"_acf_changed":false,"footnotes":""},"class_list":["post-5008","page","type-page","status-publish","has-post-thumbnail","hentry"],"acf":[],"_links":{"self":[{"href":"https:\/\/infra-suisse.ch\/fr\/wp-json\/wp\/v2\/pages\/5008","targetHints":{"allow":["GET"]}}],"collection":[{"href":"https:\/\/infra-suisse.ch\/fr\/wp-json\/wp\/v2\/pages"}],"about":[{"href":"https:\/\/infra-suisse.ch\/fr\/wp-json\/wp\/v2\/types\/page"}],"author":[{"embeddable":true,"href":"https:\/\/infra-suisse.ch\/fr\/wp-json\/wp\/v2\/users\/66"}],"replies":[{"embeddable":true,"href":"https:\/\/infra-suisse.ch\/fr\/wp-json\/wp\/v2\/comments?post=5008"}],"version-history":[{"count":4,"href":"https:\/\/infra-suisse.ch\/fr\/wp-json\/wp\/v2\/pages\/5008\/revisions"}],"predecessor-version":[{"id":34821,"href":"https:\/\/infra-suisse.ch\/fr\/wp-json\/wp\/v2\/pages\/5008\/revisions\/34821"}],"up":[{"embeddable":true,"href":"https:\/\/infra-suisse.ch\/fr\/wp-json\/wp\/v2\/pages\/16194"}],"wp:featuredmedia":[{"embeddable":true,"href":"https:\/\/infra-suisse.ch\/fr\/wp-json\/wp\/v2\/media\/4961"}],"wp:attachment":[{"href":"https:\/\/infra-suisse.ch\/fr\/wp-json\/wp\/v2\/media?parent=5008"}],"curies":[{"name":"wp","href":"https:\/\/api.w.org\/{rel}","templated":true}]}}