{"id":28949,"date":"2023-07-07T07:55:31","date_gmt":"2023-07-07T05:55:31","guid":{"rendered":"https:\/\/infra-suisse.ch\/?page_id=28949"},"modified":"2024-01-18T16:02:25","modified_gmt":"2024-01-18T15:02:25","slug":"eco2nstruct","status":"publish","type":"page","link":"https:\/\/infra-suisse.ch\/fr\/durabilite\/eco2nstruct\/","title":{"rendered":"ECO2nstruct"},"content":{"rendered":"<h2>ECO<sub>2<\/sub>nstruct \u2013 le calculateur d\u2019\u00e9cobilan pour projets de construction d\u2019infrastructures<\/h2>\n<p>Avec l\u2019entr\u00e9e en vigueur de la nouvelle loi f\u00e9d\u00e9rale sur les march\u00e9s publics (LMP), les crit\u00e8res de qualit\u00e9 et de durabilit\u00e9 ont gagn\u00e9 en importance dans les appels d\u2019offres publics. Dans le sens d\u2019un changement de paradigme, passant d\u2019une concurrence bas\u00e9e sur le prix vers une concurrence bas\u00e9e sur la qualit\u00e9, le march\u00e9 est nouvellement adjug\u00e9 \u00e0 \u00abl\u2019offre la plus avantageuse\u00bb. Dans ce cadre, les trois dimensions de la durabilit\u00e9 \u2013 \u00e9conomique, sociale et environnementale sont \u00e9galement \u00e9valu\u00e9es. Pour les membres d\u2019Infra Suisse, l\u2019acc\u00e8s et l\u2019utilisation de l&rsquo;application sont gratuits.<\/p>\n<p><strong>Utiliser l\u2019\u00e9cobilan comme avantage concurrentiel dans les offres<\/strong><br \/>\nNos membres constatent que toujours plus de ma\u00eetres d\u2019ouvrage publics int\u00e8grent le th\u00e8me de la durabilit\u00e9 comme crit\u00e8re d\u2019adjudication dans les appels d\u2019offres, avec une pond\u00e9ration pouvant aller jusqu\u2019\u00e0 30-40%. Dans ce cadre, une attention particuli\u00e8re est accord\u00e9e \u00e0 la dimension \u00e9cologique de la durabilit\u00e9. Avec pour cons\u00e9quence que, pour certains appels d\u2019offres, ce n\u2019est plus le prix qui est finalement d\u00e9terminant pour l\u2019adjudication d\u2019un projet de construction, mais les crit\u00e8res de durabilit\u00e9.<\/p>\n<p><strong>Un calculateur d\u2019\u00e9cobilan novateur pour les entreprises, les ma\u00eetres d\u2019ouvrage et les bureaux d\u2019\u00e9tudes<\/strong><br \/>\nL\u2019impact sur l\u2019environnement des projets de construction ne doit pas \u00eatre pris en compte seulement \u00e0 partir de l\u2019ex\u00e9cution, mais d\u00e9j\u00e0 lors de la conception. C\u2019est pourquoi Infra Suisse propose, avec <a href=\"https:\/\/eco2nstruct.infra-suisse.ch\/\" target=\"_blank\" rel=\"noopener\">ECO<sub>2<\/sub>nstruct<\/a> \u2013 le calculateur d\u2019\u00e9cobilan novateur pour les projets de construction \u2013, un soutien orient\u00e9 vers l\u2019avenir pour l\u2019\u00e9valuation des mat\u00e9riaux, des machines et des processus pour toutes les phases d\u2019un projet de construction.<\/p>\n<p><a href=\"https:\/\/eco2nstruct.infra-suisse.ch\/\" target=\"_blank\" rel=\"noopener\">ECO<sub>2<\/sub>nstruct<\/a> permet aux entreprises, aux ma\u00eetres d\u2019ouvrage et aux bureaux d\u2019\u00e9tudes de calculer les \u00e9missions de CO<sub>2 <\/sub>et les unit\u00e9s de charge \u00e9cologique (UCE) d\u2019un projet de construction. Les \u00e9missions de gaz \u00e0 effet de serre et les unit\u00e9s de charge \u00e9cologique peuvent \u00eatre d\u00e9termin\u00e9es pour diff\u00e9rents mat\u00e9riaux de construction comme le b\u00e9ton, le m\u00e9tal et le bois. Cette plate-forme permet \u00e9galement de comparer et d\u2019optimiser les mat\u00e9riaux de construction, les consommables ainsi que les machines de chantier et les appareils. Cela permet de mieux \u00e9valuer, d\u00e8s la phase de conception, l\u2019impact sur l\u2019environnement des projets de construction. Des approches bas\u00e9es sur l\u2019\u00e9conomie circulaire peuvent produire des effets positifs.<\/p>\n<p><strong>Taxe d\u2019enregistrement unique, acc\u00e8s gratuit pour les membres<br \/>\n<\/strong><a href=\"https:\/\/eco2nstruct.infra-suisse.ch\/\" target=\"_blank\" rel=\"noopener\">ECO<sub>2<\/sub>nstruct<\/a> est \u00e0 la disposition des personnes int\u00e9ress\u00e9es des milieux de la pratique, de la recherche et de l\u2019enseignements sur le site <a href=\"https:\/\/eco2nstruct.infra-suisse.ch\">https:\/\/eco2nstruct.infra-suisse.ch<\/a>, en allemand, anglais, fran\u00e7ais et italien. Pour les membres d\u2019Infra Suisse, l\u2019acc\u00e8s et l\u2019utilisation de l&rsquo;application sont gratuits. Pour les non-membres, la taxe d\u2019enregistrement unique est de CHF 500.00 (plus TVA).<\/p>\n<p>Des informations compl\u00e9mentaires et une vue d\u2019ensemble des caract\u00e9ristiques d\u2019<a href=\"https:\/\/eco2nstruct.infra-suisse.ch\/\" target=\"_blank\" rel=\"noopener\">ECO<sub>2<\/sub>nstruct<\/a> sont propos\u00e9es dans le <a href=\"https:\/\/infra-suisse.ch\/wp-content\/uploads\/2023\/12\/231120-Infra-Suisse_ECO2nstruct_Bases-methodologiques-et-instructions-pour-la-saisie-et-lutilisation-4.pdf\" target=\"_blank\" rel=\"noopener\">d\u00e9pliant<\/a>.<\/p>\n<p>Nous nous r\u00e9jouissons de contribuer avec vous \u00e0 r\u00e9duire durablement l\u2019impact sur l\u2019environnement des projets de construction et de concevoir ensemble l\u2019avenir de la construction.<\/p>\n","protected":false},"excerpt":{"rendered":"<p>ECO2nstruct \u2013 le calculateur d\u2019\u00e9cobilan pour projets de construction d\u2019infrastructures Avec l\u2019entr\u00e9e en vigueur de la nouvelle loi f\u00e9d\u00e9rale sur les march\u00e9s publics (LMP), les crit\u00e8res de qualit\u00e9 et de durabilit\u00e9 ont gagn\u00e9 en importance dans les appels d\u2019offres publics. Dans le sens d\u2019un changement de paradigme, passant d\u2019une concurrence bas\u00e9e sur le prix vers&#8230;<\/p>\n","protected":false},"author":1608,"featured_media":28945,"parent":16194,"menu_order":1,"comment_status":"closed","ping_status":"closed","template":"","meta":{"_acf_changed":false,"footnotes":""},"class_list":["post-28949","page","type-page","status-publish","has-post-thumbnail","hentry"],"acf":[],"_links":{"self":[{"href":"https:\/\/infra-suisse.ch\/fr\/wp-json\/wp\/v2\/pages\/28949","targetHints":{"allow":["GET"]}}],"collection":[{"href":"https:\/\/infra-suisse.ch\/fr\/wp-json\/wp\/v2\/pages"}],"about":[{"href":"https:\/\/infra-suisse.ch\/fr\/wp-json\/wp\/v2\/types\/page"}],"author":[{"embeddable":true,"href":"https:\/\/infra-suisse.ch\/fr\/wp-json\/wp\/v2\/users\/1608"}],"replies":[{"embeddable":true,"href":"https:\/\/infra-suisse.ch\/fr\/wp-json\/wp\/v2\/comments?post=28949"}],"version-history":[{"count":12,"href":"https:\/\/infra-suisse.ch\/fr\/wp-json\/wp\/v2\/pages\/28949\/revisions"}],"predecessor-version":[{"id":30051,"href":"https:\/\/infra-suisse.ch\/fr\/wp-json\/wp\/v2\/pages\/28949\/revisions\/30051"}],"up":[{"embeddable":true,"href":"https:\/\/infra-suisse.ch\/fr\/wp-json\/wp\/v2\/pages\/16194"}],"wp:featuredmedia":[{"embeddable":true,"href":"https:\/\/infra-suisse.ch\/fr\/wp-json\/wp\/v2\/media\/28945"}],"wp:attachment":[{"href":"https:\/\/infra-suisse.ch\/fr\/wp-json\/wp\/v2\/media?parent=28949"}],"curies":[{"name":"wp","href":"https:\/\/api.w.org\/{rel}","templated":true}]}}