{"id":2596,"date":"2016-01-19T04:47:19","date_gmt":"2016-01-19T03:47:19","guid":{"rendered":"http:\/\/infra-suisse.ch\/fr\/kinderbuch-lea-und-luca-bauen\/"},"modified":"2017-04-13T16:23:20","modified_gmt":"2017-04-13T14:23:20","slug":"lea-et-luc-construisent","status":"publish","type":"page","link":"https:\/\/infra-suisse.ch\/fr\/lea-et-luc-construisent\/","title":{"rendered":"Lea et Luc construisent&#8230;"},"content":{"rendered":"<h2><strong>Un livre d&rsquo;enfants sur la construction d&rsquo;infrastructures<\/strong><\/h2>\n<p>Texte et illustrations de Doris Zgraggen<\/p>\n<blockquote><p><em>Tac tac tac. Luc se r\u00e9veille. Un bruit inconnu l\u2019a tir\u00e9 de son sommeil. Il se l\u00e8ve et regarde par la fen\u00eatre. G\u00e9nial ! De l\u2019autre c\u00f4t\u00e9 de la rue, il y a un grand chantier, s\u2019exclame Luc. Quand il sera grand, Luc aimerait devenir conducteur de pelle m\u00e9canique.<\/em><\/p><\/blockquote>\n<ul>\n<li><strong>\u00ab Lea et Luc construisent\u2026 \u00bb<\/strong> est un livre pour enfants richement illustr\u00e9 sur la construction d\u2019infrastructures. Lea et Luc sont fr\u00e8re et s\u0153ur. Ensemble, ils veulent savoir qui construit nos routes, nos voies ferr\u00e9es et nos places. Durant leur voyage, ils font la connaissance des constructeurs de routes et des constructeurs de voies ferr\u00e9es, des constructeurs de fondations et des paveurs, des constructeurs de ponts et des constructeurs tunnels. Ces diverses rencontres permettent d\u2019apprendre bien des choses. Pas seulement pour les enfants.<\/li>\n<li><strong>\u00ab Lea et Luc construisent\u2026 \u00bb<\/strong> est un livre \u00e0 regarder et \u00e0 lire pour enfants de 2 \u00e0 102 ans.<\/li>\n<li><strong>\u00ab Lea et Luc construisent\u2026 \u00bb<\/strong> est \u00e9galement un cadeau id\u00e9al pour de futurs parents, des grands-parents dynamiques ou des parrains et marraines engag\u00e9s. Et c\u2019est aussi un cadeau original pour les clients et les collaborateurs.<\/li>\n<\/ul>\n<div class=\"gallery entry-content cf row small-up-2 medium-up-3\"><div class=\"column \"><a href=\"https:\/\/infra-suisse.ch\/wp-content\/uploads\/2016\/01\/Infra-kinderbuch-02.jpg\" class=\"gallery-image\" data-lightbox=\"gallery\" data-title=\"\"><img loading=\"lazy\" decoding=\"async\" width=\"320\" height=\"230\" src=\"https:\/\/infra-suisse.ch\/wp-content\/uploads\/2016\/01\/Infra-kinderbuch-02-320x230.jpg\" class=\"attachment-gallery-thumb size-gallery-thumb\" alt=\"\" \/><div class=\"overlay\"><\/div><\/a><\/div><div class=\"column \"><a href=\"https:\/\/infra-suisse.ch\/wp-content\/uploads\/2016\/01\/Infra-kinderbuch-03.jpg\" class=\"gallery-image\" data-lightbox=\"gallery\" data-title=\"\"><img loading=\"lazy\" decoding=\"async\" width=\"320\" height=\"230\" src=\"https:\/\/infra-suisse.ch\/wp-content\/uploads\/2016\/01\/Infra-kinderbuch-03-320x230.jpg\" class=\"attachment-gallery-thumb size-gallery-thumb\" alt=\"\" \/><div class=\"overlay\"><\/div><\/a><\/div><div class=\"column \"><a href=\"https:\/\/infra-suisse.ch\/wp-content\/uploads\/2016\/01\/Infra-kinderbuch-04.jpg\" class=\"gallery-image\" data-lightbox=\"gallery\" data-title=\"\"><img loading=\"lazy\" decoding=\"async\" width=\"320\" height=\"230\" src=\"https:\/\/infra-suisse.ch\/wp-content\/uploads\/2016\/01\/Infra-kinderbuch-04-320x230.jpg\" class=\"attachment-gallery-thumb size-gallery-thumb\" alt=\"\" \/><div class=\"overlay\"><\/div><\/a><\/div><div class=\"column \"><a href=\"https:\/\/infra-suisse.ch\/wp-content\/uploads\/2016\/01\/Infra-kinderbuch-05.jpg\" class=\"gallery-image\" data-lightbox=\"gallery\" data-title=\"\"><img loading=\"lazy\" decoding=\"async\" width=\"320\" height=\"230\" src=\"https:\/\/infra-suisse.ch\/wp-content\/uploads\/2016\/01\/Infra-kinderbuch-05-320x230.jpg\" class=\"attachment-gallery-thumb size-gallery-thumb\" alt=\"\" \/><div class=\"overlay\"><\/div><\/a><\/div><div class=\"column \"><a href=\"https:\/\/infra-suisse.ch\/wp-content\/uploads\/2016\/01\/Infra-kinderbuch-09.jpg\" class=\"gallery-image\" data-lightbox=\"gallery\" data-title=\"\"><img loading=\"lazy\" decoding=\"async\" width=\"320\" height=\"230\" src=\"https:\/\/infra-suisse.ch\/wp-content\/uploads\/2016\/01\/Infra-kinderbuch-09-320x230.jpg\" class=\"attachment-gallery-thumb size-gallery-thumb\" alt=\"\" \/><div class=\"overlay\"><\/div><\/a><\/div><div class=\"column \"><a href=\"https:\/\/infra-suisse.ch\/wp-content\/uploads\/2016\/01\/Infra-kinderbuch-10.jpg\" class=\"gallery-image\" data-lightbox=\"gallery\" data-title=\"\"><img loading=\"lazy\" decoding=\"async\" width=\"320\" height=\"230\" src=\"https:\/\/infra-suisse.ch\/wp-content\/uploads\/2016\/01\/Infra-kinderbuch-10-320x230.jpg\" class=\"attachment-gallery-thumb size-gallery-thumb\" alt=\"\" \/><div class=\"overlay\"><\/div><\/a><\/div><\/div>\n","protected":false},"excerpt":{"rendered":"<p>Un livre d&rsquo;enfants sur la construction d&rsquo;infrastructures Texte et illustrations de Doris Zgraggen Tac tac tac. Luc se r\u00e9veille. Un bruit inconnu l\u2019a tir\u00e9 de son sommeil. Il se l\u00e8ve et regarde par la fen\u00eatre. G\u00e9nial ! De l\u2019autre c\u00f4t\u00e9 de la rue, il y a un grand chantier, s\u2019exclame Luc. Quand il sera grand,&#8230;<\/p>\n","protected":false},"author":765,"featured_media":3686,"parent":0,"menu_order":100,"comment_status":"closed","ping_status":"closed","template":"","meta":{"_acf_changed":false,"footnotes":""},"class_list":["post-2596","page","type-page","status-publish","has-post-thumbnail","hentry"],"acf":[],"_links":{"self":[{"href":"https:\/\/infra-suisse.ch\/fr\/wp-json\/wp\/v2\/pages\/2596","targetHints":{"allow":["GET"]}}],"collection":[{"href":"https:\/\/infra-suisse.ch\/fr\/wp-json\/wp\/v2\/pages"}],"about":[{"href":"https:\/\/infra-suisse.ch\/fr\/wp-json\/wp\/v2\/types\/page"}],"author":[{"embeddable":true,"href":"https:\/\/infra-suisse.ch\/fr\/wp-json\/wp\/v2\/users\/765"}],"replies":[{"embeddable":true,"href":"https:\/\/infra-suisse.ch\/fr\/wp-json\/wp\/v2\/comments?post=2596"}],"version-history":[{"count":2,"href":"https:\/\/infra-suisse.ch\/fr\/wp-json\/wp\/v2\/pages\/2596\/revisions"}],"predecessor-version":[{"id":2599,"href":"https:\/\/infra-suisse.ch\/fr\/wp-json\/wp\/v2\/pages\/2596\/revisions\/2599"}],"wp:featuredmedia":[{"embeddable":true,"href":"https:\/\/infra-suisse.ch\/fr\/wp-json\/wp\/v2\/media\/3686"}],"wp:attachment":[{"href":"https:\/\/infra-suisse.ch\/fr\/wp-json\/wp\/v2\/media?parent=2596"}],"curies":[{"name":"wp","href":"https:\/\/api.w.org\/{rel}","templated":true}]}}