{"id":2191,"date":"2016-01-17T10:52:29","date_gmt":"2016-01-17T09:52:29","guid":{"rendered":"http:\/\/infra-suisse.ch\/fr\/kontaktformular\/"},"modified":"2023-05-12T08:27:27","modified_gmt":"2023-05-12T06:27:27","slug":"contact","status":"publish","type":"page","link":"https:\/\/infra-suisse.ch\/fr\/contact\/","title":{"rendered":"Contact"},"content":{"rendered":"<h2>Adresse<\/h2>\n<p>Infra Suisse<br \/>\n<a href=\"https:\/\/www.google.ch\/maps\/place\/Stiftung+des+Fachverbandes+Infra+(FV+Infra)\/@47.381036,8.5412523,17z\/data=!3m1!4b1!4m5!3m4!1s0x47900a09f45dffff:0x9058aee451026fe7!8m2!3d47.381036!4d8.543441?hl=fr\">Weinbergstrasse 49<\/a><br \/>\nCase postale<br \/>\n8042 Zurich<\/p>\n<p>+41 58 360 77 77<br \/>\n<span id=\"e129190258\">[javascript protected email address]<\/span><script type=\"text\/javascript\">\/*<![CDATA[*\/eval(\"var a=\\\"EDBKs-61Ln5HtrA82Puek@7QJzdbRvFa3ThMcpylCX9wUIYOZGq_iV.mNo4j0SfgW+x\\\";var b=a.split(\\\"\\\").sort().join(\\\"\\\");var c=\\\"G.YmrG.Y4XDjSGjjIBwZ\\\";var d=\\\"\\\";for(var e=0;e<c.length;e++)d+=b.charAt(a.indexOf(c.charAt(e)));document.getElementById(\\\"e129190258\\\").innerHTML=\\\"<a href=\\\\\\\"mailto:\\\"+d+\\\"\\\\\\\">\\\"+d+\\\"<\/a>\\\"\")\/*]]>*\/<\/script><\/p>\n<p>UID: CHE-107.296.026<\/p>\n<h2><strong>Vos questions et suggestions<\/strong><\/h2>\n\n<div class=\"wpcf7 no-js\" id=\"wpcf7-f2188-o1\" lang=\"fr-FR\" dir=\"ltr\" data-wpcf7-id=\"2188\">\n<div class=\"screen-reader-response\"><p role=\"status\" aria-live=\"polite\" aria-atomic=\"true\"><\/p> <ul><\/ul><\/div>\n<form action=\"\/fr\/wp-json\/wp\/v2\/pages\/2191#wpcf7-f2188-o1\" method=\"post\" class=\"wpcf7-form init\" aria-label=\"Formulaire de contact\" novalidate=\"novalidate\" data-status=\"init\">\n<fieldset class=\"hidden-fields-container\"><input type=\"hidden\" name=\"_wpcf7\" value=\"2188\" \/><input type=\"hidden\" name=\"_wpcf7_version\" value=\"6.1.5\" \/><input type=\"hidden\" name=\"_wpcf7_locale\" value=\"fr_FR\" \/><input type=\"hidden\" name=\"_wpcf7_unit_tag\" value=\"wpcf7-f2188-o1\" \/><input type=\"hidden\" name=\"_wpcf7_container_post\" value=\"0\" \/><input type=\"hidden\" name=\"_wpcf7_posted_data_hash\" value=\"\" \/><input type=\"hidden\" name=\"_wpcf7_recaptcha_response\" value=\"\" \/>\n<\/fieldset>\n<div class=\"contact-form-wrapper\">\n\t<div class=\"small-12 columns\">\n\t\t<p><span class=\"wpcf7-form-control-wrap\" data-name=\"infra-societe\"><input size=\"40\" maxlength=\"400\" class=\"wpcf7-form-control wpcf7-text\" aria-invalid=\"false\" placeholder=\"Soci\u00e9t\u00e9\" value=\"\" type=\"text\" name=\"infra-societe\" \/><\/span>\n\t\t<\/p>\n\t<\/div>\n\t<div class=\"small-6 columns\">\n\t\t<p><span class=\"wpcf7-form-control-wrap\" data-name=\"infra-prenom\"><input size=\"40\" maxlength=\"400\" class=\"wpcf7-form-control wpcf7-text wpcf7-validates-as-required\" aria-required=\"true\" aria-invalid=\"false\" placeholder=\"Pr\u00e9nom*\" value=\"\" type=\"text\" name=\"infra-prenom\" \/><\/span>\n\t\t<\/p>\n\t<\/div>\n\t<div class=\"small-6 columns\">\n\t\t<p><span class=\"wpcf7-form-control-wrap\" data-name=\"infra-nom\"><input size=\"40\" maxlength=\"400\" class=\"wpcf7-form-control wpcf7-text wpcf7-validates-as-required\" aria-required=\"true\" aria-invalid=\"false\" placeholder=\"Nom*\" value=\"\" type=\"text\" name=\"infra-nom\" \/><\/span>\n\t\t<\/p>\n\t<\/div>\n\t<div class=\"small-12 columns\">\n\t\t<p><span class=\"wpcf7-form-control-wrap\" data-name=\"infra-rue\"><input size=\"40\" maxlength=\"400\" class=\"wpcf7-form-control wpcf7-text\" aria-invalid=\"false\" placeholder=\"Rue\" value=\"\" type=\"text\" name=\"infra-rue\" \/><\/span>\n\t\t<\/p>\n\t<\/div>\n\t<div class=\"small-4 columns\">\n\t\t<p><span class=\"wpcf7-form-control-wrap\" data-name=\"infra-npa\"><input size=\"40\" maxlength=\"400\" class=\"wpcf7-form-control wpcf7-text\" aria-invalid=\"false\" placeholder=\"NPA\" value=\"\" type=\"text\" name=\"infra-npa\" \/><\/span>\n\t\t<\/p>\n\t<\/div>\n\t<div class=\"small-8 columns\">\n\t\t<p><span class=\"wpcf7-form-control-wrap\" data-name=\"infra-lieu\"><input size=\"40\" maxlength=\"400\" class=\"wpcf7-form-control wpcf7-text\" aria-invalid=\"false\" placeholder=\"Lieu\" value=\"\" type=\"text\" name=\"infra-lieu\" \/><\/span>\n\t\t<\/p>\n\t<\/div>\n\t<div class=\"small-6 columns\">\n\t\t<p><span class=\"wpcf7-form-control-wrap\" data-name=\"infra-email\"><input size=\"40\" maxlength=\"400\" class=\"wpcf7-form-control wpcf7-email wpcf7-validates-as-required wpcf7-text wpcf7-validates-as-email\" aria-required=\"true\" aria-invalid=\"false\" placeholder=\"E-Mail*\" value=\"\" type=\"email\" name=\"infra-email\" \/><\/span>\n\t\t<\/p>\n\t<\/div>\n\t<div class=\"small-6 columns\">\n\t\t<p><span class=\"wpcf7-form-control-wrap\" data-name=\"infra-telephone\"><input size=\"40\" maxlength=\"400\" class=\"wpcf7-form-control wpcf7-tel wpcf7-text wpcf7-validates-as-tel\" aria-invalid=\"false\" placeholder=\"Telephone\" value=\"\" type=\"tel\" name=\"infra-telephone\" \/><\/span>\n\t\t<\/p>\n\t<\/div>\n\t<div class=\"small-12 columns\">\n\t\t<p><span class=\"wpcf7-form-control-wrap\" data-name=\"infra-message\"><textarea cols=\"40\" rows=\"10\" maxlength=\"2000\" class=\"wpcf7-form-control wpcf7-textarea wpcf7-validates-as-required\" aria-required=\"true\" aria-invalid=\"false\" placeholder=\"Votre Message*\" name=\"infra-message\"><\/textarea><\/span>\n\t\t<\/p>\n\t<\/div>\n\t<div class=\"small-12 columns acceptance\">\n\t\t<p><span class=\"wpcf7-form-control-wrap\" data-name=\"acceptance-912\"><span class=\"wpcf7-form-control wpcf7-acceptance\"><span class=\"wpcf7-list-item\"><label><input type=\"checkbox\" name=\"acceptance-912\" value=\"1\" aria-invalid=\"false\" \/><span class=\"wpcf7-list-item-label\">J'accepte la <a href=\"https:\/\/infra-suisse.ch\/fr\/protection-des-donnees\/\" target=\"_blank\">Directive sur la protection des donn\u00e9es<\/a> et je consens \u00e0 ce que les donn\u00e9es mentionn\u00e9es ci-dessus soient collect\u00e9es, trait\u00e9es et utilis\u00e9es pour traiter ma demande.*<\/span><\/label><\/span><\/span><\/span>\n\t\t<\/p>\n\t<\/div>\n\t<div style=\"clear:both\" class=\"columns\">\n\t\t<p><input class=\"wpcf7-form-control wpcf7-submit has-spinner red-btn\" type=\"submit\" value=\"Envoyer\" \/>\n\t\t<\/p>\n\t<\/div>\n<\/div><div class=\"wpcf7-response-output\" aria-hidden=\"true\"><\/div>\n<\/form>\n<\/div>\n\n","protected":false},"excerpt":{"rendered":"<p>Adresse Infra Suisse Weinbergstrasse 49 Case postale 8042 Zurich +41 58 360 77 77 UID: CHE-107.296.026 Vos questions et suggestions<\/p>\n","protected":false},"author":765,"featured_media":4422,"parent":0,"menu_order":11,"comment_status":"closed","ping_status":"closed","template":"","meta":{"_acf_changed":false,"footnotes":""},"class_list":["post-2191","page","type-page","status-publish","has-post-thumbnail","hentry"],"acf":[],"_links":{"self":[{"href":"https:\/\/infra-suisse.ch\/fr\/wp-json\/wp\/v2\/pages\/2191","targetHints":{"allow":["GET"]}}],"collection":[{"href":"https:\/\/infra-suisse.ch\/fr\/wp-json\/wp\/v2\/pages"}],"about":[{"href":"https:\/\/infra-suisse.ch\/fr\/wp-json\/wp\/v2\/types\/page"}],"author":[{"embeddable":true,"href":"https:\/\/infra-suisse.ch\/fr\/wp-json\/wp\/v2\/users\/765"}],"replies":[{"embeddable":true,"href":"https:\/\/infra-suisse.ch\/fr\/wp-json\/wp\/v2\/comments?post=2191"}],"version-history":[{"count":6,"href":"https:\/\/infra-suisse.ch\/fr\/wp-json\/wp\/v2\/pages\/2191\/revisions"}],"predecessor-version":[{"id":28810,"href":"https:\/\/infra-suisse.ch\/fr\/wp-json\/wp\/v2\/pages\/2191\/revisions\/28810"}],"wp:featuredmedia":[{"embeddable":true,"href":"https:\/\/infra-suisse.ch\/fr\/wp-json\/wp\/v2\/media\/4422"}],"wp:attachment":[{"href":"https:\/\/infra-suisse.ch\/fr\/wp-json\/wp\/v2\/media?parent=2191"}],"curies":[{"name":"wp","href":"https:\/\/api.w.org\/{rel}","templated":true}]}}