{"id":20553,"date":"2020-12-10T15:14:44","date_gmt":"2020-12-10T14:14:44","guid":{"rendered":"https:\/\/infra-suisse.ch\/?page_id=20553"},"modified":"2022-09-29T16:54:04","modified_gmt":"2022-09-29T14:54:04","slug":"lmp-aimp","status":"publish","type":"page","link":"https:\/\/infra-suisse.ch\/fr\/marche\/lmp-aimp\/","title":{"rendered":"LMP\/AIMP"},"content":{"rendered":"<p>La nouvelle loi f\u00e9d\u00e9rale sur les march\u00e9s publics (LMP) est entr\u00e9e en vigueur le 1<sup>er<\/sup> janvier 2021 et s\u2019appliquera \u00e0 tous les achats de la Conf\u00e9d\u00e9ration. L\u2019objectif est de passer d\u2019une concurrence bas\u00e9e uniquement sur le prix vers une concurrence bas\u00e9e sur la qualit\u00e9. Un objectif essentiel pour le secteur de la construction.<\/p>\n<p>La nouvelle LMP ne vise plus uniquement une utilisation \u00e9conome des deniers publics, mais, nouvellement, une utilisation des deniers publics qui soit \u00e9conomique et qui ait des effets \u00e9conomiques, \u00e9cologiques et sociaux durables. Le march\u00e9 est adjug\u00e9 au soumissionnaire ayant pr\u00e9sent\u00e9 l\u2019offre \u00ab la plus avantageuse \u00bb et non, comme jusque-l\u00e0, \u00e0 l\u2019offre \u00ab la plus avantageuse \u00e9conomiquement \u00bb.<\/p>\n<h3>Apr\u00e8s les juristes, c\u2019est aux praticiens de jouer<\/h3>\n<p>Apr\u00e8s la r\u00e9vision de la loi et de l\u2019ordonnance correspondante, la KBOB a revu tous les contrats, guides et autres aides, pour leur mise en \u0153uvre \u00e0 tous les niveaux f\u00e9d\u00e9raux d\u00e8s d\u00e9but 2021. C\u2019est d\u00e9sormais aux services d\u2019achat et aux soumissionnaires d\u2019appliquer concr\u00e8tement ces nouvelles dispositions. Des propositions pour la mise en \u0153uvre concr\u00e8te des crit\u00e8res \u00ab fiabilit\u00e9 du prix \u00bb et \u00ab plausibilit\u00e9 de l\u2019offre \u00bb ont \u00e9t\u00e9 pr\u00e9sent\u00e9es et sont test\u00e9es dans la pratique.<\/p>\n","protected":false},"excerpt":{"rendered":"<p>La nouvelle loi f\u00e9d\u00e9rale sur les march\u00e9s publics (LMP) est entr\u00e9e en vigueur le 1er janvier 2021 et s\u2019appliquera \u00e0 tous les achats de la Conf\u00e9d\u00e9ration. L\u2019objectif est de passer d\u2019une concurrence bas\u00e9e uniquement sur le prix vers une concurrence bas\u00e9e sur la qualit\u00e9. Un objectif essentiel pour le secteur de la construction. La nouvelle&#8230;<\/p>\n","protected":false},"author":66,"featured_media":20551,"parent":5009,"menu_order":0,"comment_status":"closed","ping_status":"closed","template":"","meta":{"_acf_changed":false,"footnotes":""},"class_list":["post-20553","page","type-page","status-publish","has-post-thumbnail","hentry"],"acf":[],"_links":{"self":[{"href":"https:\/\/infra-suisse.ch\/fr\/wp-json\/wp\/v2\/pages\/20553","targetHints":{"allow":["GET"]}}],"collection":[{"href":"https:\/\/infra-suisse.ch\/fr\/wp-json\/wp\/v2\/pages"}],"about":[{"href":"https:\/\/infra-suisse.ch\/fr\/wp-json\/wp\/v2\/types\/page"}],"author":[{"embeddable":true,"href":"https:\/\/infra-suisse.ch\/fr\/wp-json\/wp\/v2\/users\/66"}],"replies":[{"embeddable":true,"href":"https:\/\/infra-suisse.ch\/fr\/wp-json\/wp\/v2\/comments?post=20553"}],"version-history":[{"count":6,"href":"https:\/\/infra-suisse.ch\/fr\/wp-json\/wp\/v2\/pages\/20553\/revisions"}],"predecessor-version":[{"id":22049,"href":"https:\/\/infra-suisse.ch\/fr\/wp-json\/wp\/v2\/pages\/20553\/revisions\/22049"}],"up":[{"embeddable":true,"href":"https:\/\/infra-suisse.ch\/fr\/wp-json\/wp\/v2\/pages\/5009"}],"wp:featuredmedia":[{"embeddable":true,"href":"https:\/\/infra-suisse.ch\/fr\/wp-json\/wp\/v2\/media\/20551"}],"wp:attachment":[{"href":"https:\/\/infra-suisse.ch\/fr\/wp-json\/wp\/v2\/media?parent=20553"}],"curies":[{"name":"wp","href":"https:\/\/api.w.org\/{rel}","templated":true}]}}