{"id":18623,"date":"2020-01-15T15:22:17","date_gmt":"2020-01-15T14:22:17","guid":{"rendered":"https:\/\/infra-suisse.ch\/marche\/comment-realiser-des-infrastructures-durables\/qualitaet\/"},"modified":"2021-03-23T15:51:33","modified_gmt":"2021-03-23T14:51:33","slug":"qualite","status":"publish","type":"page","link":"https:\/\/infra-suisse.ch\/fr\/marche\/lmp-aimp\/qualite\/","title":{"rendered":"Quelle importance accordez-vous \u00e0 la qualit\u00e9 dans le cadre de vos achats"},"content":{"rendered":"<p>Avec le nouveau droit des march\u00e9s publics, les mandats publics ne devraient plus \u00eatre attribu\u00e9s simplement \u00e0 l\u2019offre la meilleur march\u00e9. C\u2019est l\u2019offre \u00ab\u00a0\u00e9conomiquement la plus avantageuse\u00a0\u00bb qui doit \u00eatre retenue. La concurrence bas\u00e9e sur la qualit\u00e9 est ainsi renforc\u00e9e, par rapport \u00e0 la concurrence bas\u00e9e sur le seul prix. Cela se traduit par de nouveaux crit\u00e8res d\u2019adjudication bas\u00e9s sur la qualit\u00e9 comme la durabilit\u00e9, le caract\u00e8re innovateur, la plausibilit\u00e9 de l\u2019offre ou la fiabilit\u00e9 du prix.<\/p>\n<p>Les chances, pour une offre de meilleure qualit\u00e9, d\u2019\u00eatre effectivement retenue face \u00e0 une offre meilleure march\u00e9 d\u00e9pendent dans une grande mesure du syst\u00e8me d\u2019\u00e9valuation des offres. Dans ce cadre, les facteurs suivants sont d\u00e9terminants\u00a0:<\/p>\n<ul>\n<li>La pond\u00e9ration du prix : quel poids est accord\u00e9 au prix, par rapport aux autres crit\u00e8res ?<\/li>\n<li>La pente de la courbe des prix : comment les prix sont-ils \u00e9valu\u00e9s ?<\/li>\n<li>La qualit\u00e9 minimale : quel nombre de points une offre doit-elle obtenir, au niveau des crit\u00e8res de qualit\u00e9, pour avoir une chance d\u2019\u00eatre retenue ?<\/li>\n<\/ul>\n<p>Quelle valeur accordez-vous \u00e0 la qualit\u00e9\u00a0?<\/p>\n<h3>Testez notre syst\u00e8me d\u2019\u00e9valuation<\/h3>\n<div class=\"content\">\n<div class=\"range-slider\">Quel poids accordez-vous au prix ?<br \/>\nPrix <span class=\"quality\">Qualit\u00e9<\/span><br \/>\n<input id=\"pricing\" class=\"range-slider__range relevant\" max=\"100\" min=\"0\" step=\"5\" type=\"range\" value=\"70\" \/><span class=\"range-slider__value\">70%<\/span><span class=\"range-slider__value_opposite\">30%<\/span><\/div>\n<div class=\"range-slider\">O\u00f9 se situe pour vous, par rapport au prix le plus bas, le prix qui n\u2019obtient plus de points ?<br \/>\n<input id=\"variation\" class=\"range-slider__range\" max=\"100\" min=\"1\" step=\"1\" type=\"range\" value=\"30\" \/><span class=\"range-slider__value_opposite exempt\">30%<\/span><\/div>\n<div class=\"range-slider\">Quelle qualit\u00e9 minimale exigez-vous, sur une \u00e9chelle de 0 \u00e0 10 ?<br \/>\n<input id=\"qualitypoints\" class=\"range-slider__range\" max=\"10\" min=\"0\" step=\"1\" type=\"range\" value=\"6\" \/><span class=\"range-slider__value_opposite exempt nopercent\">6<\/span><\/div>\n<\/div>\n<h3>R\u00e9sultat<\/h3>\n<p>L\u2019offre qualitativement la meilleure ne l\u2019emporte contre l\u2019offre la meilleur march\u00e9 et la plus mauvaise que si son prix n\u2019est pas <span id=\"variance\">5.1%<\/span> plus \u00e9lev\u00e9.<\/p>\n<p><strong>L\u2019influence effective du prix dans votre syst\u00e8me d\u2019\u00e9valuation est de <span id=\"price\">94.9%<\/span>.<\/strong><\/p>\n<p><script src='https:\/\/cdnjs.cloudflare.com\/ajax\/libs\/jquery\/2.1.3\/jquery.min.js'><\/script><\/p>\n<style>.nopercent .percent{display:none}h1{text-shadow:yes !important;color:#ffffff;}#variation{width:calc(100% - (80px))}#qualitypoints{width:calc(100% - (80px))}.quality{float:right;margin-right:10px;}.entry-header{display:yes}*,:after,:before{box-sizing:border-box}body{font-family:\"akzidenz-grotesk\",Helvetica,Arial,sans-serif;margin:0}.range-slider__range{-webkit-appearance:none;width:calc(100% - (146px));height:10px;border-radius:5px;background:#858585;outline:0;padding:0;margin:0}.range-slider__range::-webkit-slider-thumb{-webkit-appearance:none;appearance:none;width:20px;height:20px;border-radius:50%;background:#e73943;cursor:pointer;transition:background .15s ease-in-out}.range-slider__range::-webkit-slider-thumb:hover{background:#e73943}.range-slider__range:active::-webkit-slider-thumb{background:#e73943}.range-slider__range::-moz-range-thumb{width:20px;height:20px;border:0;border-radius:50%;background:#e73943;cursor:pointer;transition:background .15s ease-in-out}.range-slider__range::-moz-range-thumb:hover{background:#e73943}.range-slider__range:active::-moz-range-thumb{background:#e73943}.range-slider__range:focus::-webkit-slider-thumb{box-shadow:0 0 0 3px #fff,0 0 0 6px #e73943}.range-slider__value{float:left;display:inline-block;position:relative;width:60px;color:#fff;line-height:20px;text-align:center;border-radius:3px;background:#e73943;padding:5px 10px;margin-right:8px}.range-slider__value:after{position:absolute;top:10px;right:-7px;width:0;height:0;border-top:7px solid transparent;border-left:7px solid #e73943;border-bottom:7px solid transparent;content:''}.range-slider__value_opposite{display:inline-block;position:relative;width:60px;color:#fff;line-height:20px;text-align:center;border-radius:3px;background:#e73943;padding:5px 10px;margin-left:8px}.range-slider__value_opposite:after{position:absolute;top:10px;left:-7px;width:0;height:0;border-top:7px solid transparent;border-right:7px solid #e73943;border-bottom:7px solid transparent;content:''}.exempt{background:#858585!important}.exempt:after{border-right:7px solid #858585!important}::-moz-range-track{background:#858585;border:0}input::-moz-focus-inner,input::-moz-focus-outer{border:0}.content{width:100%;height:100%;margin:0%;margin-top:0px;border:0px solid #e73943;border-radius:0px;padding:0% 0%}.range-slider{margin-bottom:25px}.last{margin-bottom:0!important}.header{padding:10px 16px;background:#fff;color:#e73943;position:fixed;top:0;text-align:center;width:100%;border-bottom:2px solid #e73943;z-index:10}.mini{width:30%}#numbers{float:right;font-size:15pt;margin-right:25px}.red{color:red!important}<\/style>\n<p><script>\nvar rangeSlider=function(){var a=$(\".range-slider\"),e=$(\".range-slider__range\"),r=$(\".range-slider__value\");a.each(function(){r.each(function(){var a=$(this).prev().attr(\"value\");$(this).html(a+\"%\")}),e.on(\"input\",function(){$(this).next(r).html(this.value  + '<span class=\"percent\" >%<\/span>');$(this).next(r).next(r).html(100-this.value  + \"%\")})})};rangeSlider(),$(\".range-slider__range\").mouseup(function(){var undercut=Math.round(10*((1-((parseInt($(\"#pricing\").val())-((100-parseInt($(\"#pricing\").val()))*((10-parseInt($(\"#qualitypoints\").val()))\/10)))\/parseInt($(\"#pricing\").val())))*parseInt($(\"#variation\").val())))\/10;$(\"#variance\").text(undercut+\"%\");$(\"#price\").text(100-undercut+\"%\");}),$(\".range-slider__range\").on('touchend', function(){var undercut=Math.round(10*((1-((parseInt($(\"#pricing\").val())-((100-parseInt($(\"#pricing\").val()))*((10-parseInt($(\"#qualitypoints\").val()))\/10)))\/parseInt($(\"#pricing\").val())))*parseInt($(\"#variation\").val())))\/10;$(\"#variance\").text(undercut+\"%\");$(\"#price\").text(100-undercut+\"%\");});\n<\/script><\/p>\n","protected":false},"excerpt":{"rendered":"<p>Avec le nouveau droit des march\u00e9s publics, les mandats publics ne devraient plus \u00eatre attribu\u00e9s simplement \u00e0 l\u2019offre la meilleur march\u00e9. C\u2019est l\u2019offre \u00ab\u00a0\u00e9conomiquement la plus avantageuse\u00a0\u00bb qui doit \u00eatre retenue. La concurrence bas\u00e9e sur la qualit\u00e9 est ainsi renforc\u00e9e, par rapport \u00e0 la concurrence bas\u00e9e sur le seul prix. Cela se traduit par de&#8230;<\/p>\n","protected":false},"author":66,"featured_media":4970,"parent":20553,"menu_order":0,"comment_status":"closed","ping_status":"closed","template":"","meta":{"_acf_changed":false,"footnotes":""},"class_list":["post-18623","page","type-page","status-publish","has-post-thumbnail","hentry"],"acf":[],"_links":{"self":[{"href":"https:\/\/infra-suisse.ch\/fr\/wp-json\/wp\/v2\/pages\/18623","targetHints":{"allow":["GET"]}}],"collection":[{"href":"https:\/\/infra-suisse.ch\/fr\/wp-json\/wp\/v2\/pages"}],"about":[{"href":"https:\/\/infra-suisse.ch\/fr\/wp-json\/wp\/v2\/types\/page"}],"author":[{"embeddable":true,"href":"https:\/\/infra-suisse.ch\/fr\/wp-json\/wp\/v2\/users\/66"}],"replies":[{"embeddable":true,"href":"https:\/\/infra-suisse.ch\/fr\/wp-json\/wp\/v2\/comments?post=18623"}],"version-history":[{"count":6,"href":"https:\/\/infra-suisse.ch\/fr\/wp-json\/wp\/v2\/pages\/18623\/revisions"}],"predecessor-version":[{"id":21371,"href":"https:\/\/infra-suisse.ch\/fr\/wp-json\/wp\/v2\/pages\/18623\/revisions\/21371"}],"up":[{"embeddable":true,"href":"https:\/\/infra-suisse.ch\/fr\/wp-json\/wp\/v2\/pages\/20553"}],"wp:featuredmedia":[{"embeddable":true,"href":"https:\/\/infra-suisse.ch\/fr\/wp-json\/wp\/v2\/media\/4970"}],"wp:attachment":[{"href":"https:\/\/infra-suisse.ch\/fr\/wp-json\/wp\/v2\/media?parent=18623"}],"curies":[{"name":"wp","href":"https:\/\/api.w.org\/{rel}","templated":true}]}}