{"id":1709,"date":"2016-01-10T23:21:09","date_gmt":"2016-01-10T22:21:09","guid":{"rendered":"http:\/\/infra-suisse.ch\/fr\/infra-suisse\/vorstand\/"},"modified":"2025-05-06T10:39:03","modified_gmt":"2025-05-06T08:39:03","slug":"comite","status":"publish","type":"page","link":"https:\/\/infra-suisse.ch\/fr\/infra-suisse\/comite\/","title":{"rendered":"Comit\u00e9"},"content":{"rendered":"<p>Le Comit\u00e9 compte actuellement 9 membres. Il est constitu\u00e9 de telle sorte que les entreprises membres soient repr\u00e9sent\u00e9es de mani\u00e8re si possible \u00e9quilibr\u00e9e par domaine d&rsquo;activit\u00e9, r\u00e9gion et taille d&rsquo;entreprise. Chaque membre du Comit\u00e9 est responsable d&rsquo;un domaine sp\u00e9cialis\u00e9 ou d&rsquo;un d\u00e9partement.<\/p>\n","protected":false},"excerpt":{"rendered":"<p>Le Comit\u00e9 compte actuellement 9 membres. Il est constitu\u00e9 de telle sorte que les entreprises membres soient repr\u00e9sent\u00e9es de mani\u00e8re si possible \u00e9quilibr\u00e9e par domaine d&rsquo;activit\u00e9, r\u00e9gion et taille d&rsquo;entreprise. Chaque membre du Comit\u00e9 est responsable d&rsquo;un domaine sp\u00e9cialis\u00e9 ou d&rsquo;un d\u00e9partement.<\/p>\n","protected":false},"author":765,"featured_media":3566,"parent":1675,"menu_order":63,"comment_status":"closed","ping_status":"closed","template":"","meta":{"_acf_changed":false,"footnotes":""},"class_list":["post-1709","page","type-page","status-publish","has-post-thumbnail","hentry"],"acf":[],"_links":{"self":[{"href":"https:\/\/infra-suisse.ch\/fr\/wp-json\/wp\/v2\/pages\/1709","targetHints":{"allow":["GET"]}}],"collection":[{"href":"https:\/\/infra-suisse.ch\/fr\/wp-json\/wp\/v2\/pages"}],"about":[{"href":"https:\/\/infra-suisse.ch\/fr\/wp-json\/wp\/v2\/types\/page"}],"author":[{"embeddable":true,"href":"https:\/\/infra-suisse.ch\/fr\/wp-json\/wp\/v2\/users\/765"}],"replies":[{"embeddable":true,"href":"https:\/\/infra-suisse.ch\/fr\/wp-json\/wp\/v2\/comments?post=1709"}],"version-history":[{"count":5,"href":"https:\/\/infra-suisse.ch\/fr\/wp-json\/wp\/v2\/pages\/1709\/revisions"}],"predecessor-version":[{"id":34714,"href":"https:\/\/infra-suisse.ch\/fr\/wp-json\/wp\/v2\/pages\/1709\/revisions\/34714"}],"up":[{"embeddable":true,"href":"https:\/\/infra-suisse.ch\/fr\/wp-json\/wp\/v2\/pages\/1675"}],"wp:featuredmedia":[{"embeddable":true,"href":"https:\/\/infra-suisse.ch\/fr\/wp-json\/wp\/v2\/media\/3566"}],"wp:attachment":[{"href":"https:\/\/infra-suisse.ch\/fr\/wp-json\/wp\/v2\/media?parent=1709"}],"curies":[{"name":"wp","href":"https:\/\/api.w.org\/{rel}","templated":true}]}}