{"id":1675,"date":"2016-01-05T08:48:05","date_gmt":"2016-01-05T07:48:05","guid":{"rendered":"http:\/\/infra-suisse.ch\/fr\/infra-suisse\/"},"modified":"2024-09-02T16:00:40","modified_gmt":"2024-09-02T14:00:40","slug":"infra-suisse","status":"publish","type":"page","link":"https:\/\/infra-suisse.ch\/fr\/infra-suisse\/","title":{"rendered":"Infra Suisse"},"content":{"rendered":"<p><strong>Qui est Infra Suisse?<\/strong><br \/>\nInfra Suisse est l&rsquo;organisation professionnelle des entreprises actives dans la construction d&rsquo;infrastructures.<\/p>\n<p><strong>Qui est membre de la Infra Suisse?<\/strong><br \/>\nQuelque 220 entreprises suisses sont membres de l&rsquo;Infra Suisse.<\/p>\n<p><strong>Comment mon entreprise peut-elle devenir membre?<br \/>\n<\/strong>Votre entreprise de construction n&rsquo;est pas encore membre de l&rsquo;Infra Suisse? Contactez dans ce cas notre Secr\u00e9tariat. Vous y obtiendrez toutes les informations requises.<\/p>\n<p><strong>Comment mon entreprise peut-elle devenir membre de l&rsquo;Infra Suisse?<\/strong><br \/>\nLes questions professionnelles, \u00e9conomiques et politiques dans la construction d&rsquo;infrastructures et de voies de communication se multiplient et gagent en complexit\u00e9. Une organisation s&rsquo;impose, en mesure de d\u00e9fendre les int\u00e9r\u00eats sup\u00e9rieurs, hors entreprise des constructeurs d&rsquo;infrastructures et de s&rsquo;engager professionnellement en faveur d&rsquo;une formation initiale et continue moderne. Au profit des entreprises membres et de l&rsquo;ensemble du secteur de la construction.<\/p>\n<p><strong>Que recherche l&rsquo;Infra Suisse?<\/strong><br \/>\nInfra Suisse\u00a0est la porte-parole des entreprises actives dans la construction d&rsquo;infrastructures. Ses domaines essentiels sont la politique en mati\u00e8re d&rsquo;infrastructures, les lois et normes, les march\u00e9s publics et le partenariat social.<\/p>\n<p><strong>Comment l&rsquo;Infra Suisse est-elle organis\u00e9e?<\/strong><br \/>\nLes membres \u00e9lisent p\u00e9riodiquement le Comit\u00e9 de l&rsquo;Infra Suisse. Des conf\u00e9rences sp\u00e9cialis\u00e9es p\u00e9riodiques veillent au d\u00e9veloppement professionnel dans les diff\u00e9rents domaines sp\u00e9cialis\u00e9s.<br \/>\nLe Secr\u00e9tariat se trouve \u00e0 Zurich. Il existe une antenne \u00e0 Lausanne pour les entreprises membres de Romandie.<\/p>\n<p><strong>Auxquelles organisations est Infra Suisse affili\u00e9e?<\/strong><br \/>\n<a href=\"https:\/\/piarc.ch\/\" target=\"_blank\" rel=\"noopener noreferrer\">PIARC,<\/a> <a href=\"http:\/\/www.svoeb.ch\/fr\/home\/\" target=\"_blank\" rel=\"noopener noreferrer\">ASMP,<\/a> <a href=\"https:\/\/bauen-digital.ch\/fr\/\" target=\"_blank\" rel=\"noopener noreferrer\">B\u00e2tir digital Suisse,<\/a> <a href=\"https:\/\/www.bilding.ch\/fr\/\" target=\"_blank\" rel=\"noopener noreferrer\">Bilding,<\/a> <a href=\"https:\/\/www.bauenschweiz.ch\/fr\/\" target=\"_blank\" rel=\"noopener noreferrer\">constructionsuisse,<\/a> <a href=\"https:\/\/www.effc.org\/\" target=\"_blank\" rel=\"noopener noreferrer\">EFFC,<\/a> <a href=\"http:\/\/geotechnikschweiz.ch.vtxhosting.ch\/?lang=fr\" target=\"_blank\" rel=\"noopener noreferrer\">G\u00e9otechnique Suisse,<\/a> <a href=\"https:\/\/www.swisstunnel.ch\/fr\/\" target=\"_blank\" rel=\"noopener noreferrer\">GTS,<\/a> <a href=\"http:\/\/www.litra.ch\/fr\/Willkommen\" target=\"_blank\" rel=\"noopener noreferrer\">LITRA,<\/a> <a href=\"https:\/\/www.nnbs.ch\/fr\/\" target=\"_blank\" rel=\"noopener noreferrer\">NNBS,<\/a> <a href=\"https:\/\/www.strasseschweiz.ch\/fr\/home\/\" target=\"_blank\" rel=\"noopener noreferrer\">routesuisse,<\/a> <a href=\"https:\/\/www.sistra.ch\/fr\/bienvenue-a-la-sistra\" target=\"_blank\" rel=\"noopener noreferrer\">SISTRA,<\/a> <a href=\"http:\/\/www.baumeister.ch\/fr\/fr\" target=\"_blank\" rel=\"noopener noreferrer\">SSE,<\/a> <a href=\"https:\/\/www.stuva.de\/en.html\" target=\"_blank\" rel=\"noopener noreferrer\">STUVA,<\/a> <a href=\"http:\/\/viastoria.ch\/index.php?id=54&amp;L=3\" target=\"_blank\" rel=\"noopener noreferrer\">ViaStoria Association de soutien,<\/a> <a href=\"http:\/\/www.vss.ch\/fr\/\" target=\"_blank\" rel=\"noopener noreferrer\">VSS<\/a><\/p>\n","protected":false},"excerpt":{"rendered":"<p>Qui est Infra Suisse? Infra Suisse est l&rsquo;organisation professionnelle des entreprises actives dans la construction d&rsquo;infrastructures. Qui est membre de la Infra Suisse? Quelque 220 entreprises suisses sont membres de l&rsquo;Infra Suisse. Comment mon entreprise peut-elle devenir membre? Votre entreprise de construction n&rsquo;est pas encore membre de l&rsquo;Infra Suisse? Contactez dans ce cas notre Secr\u00e9tariat&#8230;.<\/p>\n","protected":false},"author":765,"featured_media":0,"parent":0,"menu_order":9,"comment_status":"closed","ping_status":"closed","template":"","meta":{"_acf_changed":false,"footnotes":""},"class_list":["post-1675","page","type-page","status-publish","hentry"],"acf":[],"_links":{"self":[{"href":"https:\/\/infra-suisse.ch\/fr\/wp-json\/wp\/v2\/pages\/1675","targetHints":{"allow":["GET"]}}],"collection":[{"href":"https:\/\/infra-suisse.ch\/fr\/wp-json\/wp\/v2\/pages"}],"about":[{"href":"https:\/\/infra-suisse.ch\/fr\/wp-json\/wp\/v2\/types\/page"}],"author":[{"embeddable":true,"href":"https:\/\/infra-suisse.ch\/fr\/wp-json\/wp\/v2\/users\/765"}],"replies":[{"embeddable":true,"href":"https:\/\/infra-suisse.ch\/fr\/wp-json\/wp\/v2\/comments?post=1675"}],"version-history":[{"count":9,"href":"https:\/\/infra-suisse.ch\/fr\/wp-json\/wp\/v2\/pages\/1675\/revisions"}],"predecessor-version":[{"id":32345,"href":"https:\/\/infra-suisse.ch\/fr\/wp-json\/wp\/v2\/pages\/1675\/revisions\/32345"}],"wp:attachment":[{"href":"https:\/\/infra-suisse.ch\/fr\/wp-json\/wp\/v2\/media?parent=1675"}],"curies":[{"name":"wp","href":"https:\/\/api.w.org\/{rel}","templated":true}]}}