{"id":16473,"date":"2019-05-20T13:43:53","date_gmt":"2019-05-20T11:43:53","guid":{"rendered":"https:\/\/infra-suisse.ch\/?page_id=16473\/"},"modified":"2022-01-10T20:42:50","modified_gmt":"2022-01-10T19:42:50","slug":"conformite","status":"publish","type":"page","link":"https:\/\/infra-suisse.ch\/fr\/durabilite\/conformite\/","title":{"rendered":"Compliance"},"content":{"rendered":"<p>Infra Suisse d\u00e9fend une \u00e9conomie de march\u00e9 lib\u00e9rale. <a href=\"https:\/\/infra-suisse.ch\/fr\/infra-suisse\/charte\/\" target=\"_blank\" rel=\"noopener\">Elle est clairement et sans r\u00e9serve favorable \u00e0 une concurrence ouverte, \u00e9quitable et transparente<\/a>. Infra Suisse condamne tout comportement restreignant la concurrence. Les ententes sur les prix entra\u00eenant une distorsion de la concurrence sont illicites et doivent \u00eatre sanctionn\u00e9es comme il convient.\u00a0En tant qu\u2019association fa\u00eeti\u00e8re, Infra Suisse a pour t\u00e2che d\u2019informer et de sensibiliser. Elle veut contribuer \u00e0 renforcer la culture de conformit\u00e9 dans l\u2019ensemble du secteur. Dans ce but, elle aborde volontairement ce sujet de mani\u00e8re transparente.<\/p>\n<p>Infra Suisse est une association professionnelle de la <a href=\"http:\/\/www.baumeister.ch\/fr\/\" target=\"_blank\" rel=\"noopener\">Soci\u00e9t\u00e9 suisse des entrepreneurs (SSE)<\/a>. Les membres d\u2019Infra Suisse sont par cons\u00e9quent \u00e9galement membres de la SSE. Le Comit\u00e9 d\u2019Infra Suisse a d\u00e9cid\u00e9 d\u2019appliquer le <a href=\"http:\/\/www.baumeister.ch\/fr\/gestion-d-entreprise\/compliance\" target=\"_blank\" rel=\"noopener\">Code de conduite de la SSE<\/a>. Les activit\u00e9s suivantes sont express\u00e9ment interdites lors des manifestations d\u2019Infra Suisse\u00a0:<\/p>\n<ul>\n<li>Discussions ou accords sur les prix<\/li>\n<li>Discussions ou accords sur les secteurs de march\u00e9, la r\u00e9partition de la client\u00e8le ou les mandats de construction<\/li>\n<li>Conventions sur le non-approvisionnement de clients ou le boycottage d\u2019acheteurs<\/li>\n<li>Echanges d\u2019informations sur des donn\u00e9es sensibles (informations sur les prix, strat\u00e9gies, budgets, etc.)<\/li>\n<li>D\u00e9finition de strat\u00e9gies commerciales communes<\/li>\n<\/ul>\n<p>Le directeur d\u2019Infra Suisse se tient \u00e0 disposition des membres en tant qu\u2019interlocuteur concernant le Code de conduite et recueille les avis de violations de celui-ci lors de manifestations d\u2019Infra Suisse. Il examine ces avis et fait appel, si n\u00e9cessaire, \u00e0 un sp\u00e9cialiste externe. En cas de constatation d\u2019une violation du Code de conduite, l\u2019information est transmise au Comit\u00e9. Le Comit\u00e9 d\u00e9cide alors de la suite des d\u00e9marches. En cas de violation av\u00e9r\u00e9e, les entreprises concern\u00e9es peuvent \u00eatre sanctionn\u00e9es selon l\u2019art. 12 des <a href=\"https:\/\/infra-suisse.ch\/fr\/documents\/infra-suisse\/\" target=\"_blank\" rel=\"noopener\">statuts d\u2019Infra Suisse<\/a>.<\/p>\n","protected":false},"excerpt":{"rendered":"<p>Infra Suisse d\u00e9fend une \u00e9conomie de march\u00e9 lib\u00e9rale. Elle est clairement et sans r\u00e9serve favorable \u00e0 une concurrence ouverte, \u00e9quitable et transparente. Infra Suisse condamne tout comportement restreignant la concurrence. Les ententes sur les prix entra\u00eenant une distorsion de la concurrence sont illicites et doivent \u00eatre sanctionn\u00e9es comme il convient.\u00a0En tant qu\u2019association fa\u00eeti\u00e8re, Infra Suisse&#8230;<\/p>\n","protected":false},"author":66,"featured_media":3784,"parent":16194,"menu_order":0,"comment_status":"closed","ping_status":"closed","template":"","meta":{"_acf_changed":false,"footnotes":""},"class_list":["post-16473","page","type-page","status-publish","has-post-thumbnail","hentry"],"acf":[],"_links":{"self":[{"href":"https:\/\/infra-suisse.ch\/fr\/wp-json\/wp\/v2\/pages\/16473","targetHints":{"allow":["GET"]}}],"collection":[{"href":"https:\/\/infra-suisse.ch\/fr\/wp-json\/wp\/v2\/pages"}],"about":[{"href":"https:\/\/infra-suisse.ch\/fr\/wp-json\/wp\/v2\/types\/page"}],"author":[{"embeddable":true,"href":"https:\/\/infra-suisse.ch\/fr\/wp-json\/wp\/v2\/users\/66"}],"replies":[{"embeddable":true,"href":"https:\/\/infra-suisse.ch\/fr\/wp-json\/wp\/v2\/comments?post=16473"}],"version-history":[{"count":2,"href":"https:\/\/infra-suisse.ch\/fr\/wp-json\/wp\/v2\/pages\/16473\/revisions"}],"predecessor-version":[{"id":23140,"href":"https:\/\/infra-suisse.ch\/fr\/wp-json\/wp\/v2\/pages\/16473\/revisions\/23140"}],"up":[{"embeddable":true,"href":"https:\/\/infra-suisse.ch\/fr\/wp-json\/wp\/v2\/pages\/16194"}],"wp:featuredmedia":[{"embeddable":true,"href":"https:\/\/infra-suisse.ch\/fr\/wp-json\/wp\/v2\/media\/3784"}],"wp:attachment":[{"href":"https:\/\/infra-suisse.ch\/fr\/wp-json\/wp\/v2\/media?parent=16473"}],"curies":[{"name":"wp","href":"https:\/\/api.w.org\/{rel}","templated":true}]}}