{"id":15894,"date":"2019-03-06T15:46:18","date_gmt":"2019-03-06T14:46:18","guid":{"rendered":"https:\/\/infra-suisse.ch\/lohnsummenmeldung-login\/"},"modified":"2025-01-13T11:02:49","modified_gmt":"2025-01-13T10:02:49","slug":"massesalariale-login","status":"publish","type":"page","link":"https:\/\/infra-suisse.ch\/fr\/massesalariale-login\/","title":{"rendered":"Nous nous r\u00e9jouissons que votre entreprise soit membre d&rsquo;Infra Suisse"},"content":{"rendered":"\n\n\n<form id=\"customLoginForm\" class=\"text-left active autorize-form custom-forms\" method=\"POST\">\n    <div class=\"title-login\">Login pour la d\u00e9claration de masse salariale <\/div>\n    <div class=\"description_text_modul1\"><p>Nous calculons nos cotisations de membres \u00e0 partir de la masse salariale soumise \u00e0 la prime de l\u2019ann\u00e9e pr\u00e9c\u00e9dente. Afin que nous puissions disposer d&rsquo;une base de calcul correcte pour votre entreprise, nous vous prions de votre d\u00e9claration de masse salariale au plus tard le <strong>vendredi 6 juin 2025<\/strong>.<\/p>\n<p>Vous avez re\u00e7u votre nom d\u2019utilisateur et votre mot de passe par la Poste. Vos donn\u00e9es seront trait\u00e9es confidentiellement. Veuillez vous r\u00e9f\u00e9rer \u00e0 nos dispositions en mati\u00e8re de <a href=\"http:\/\/protection\">protection des donn\u00e9es<\/a>.<\/p>\n<p>Nous sommes \u00e0 votre disposition pour tout compl\u00e9ment d\u2019information: 058 360 77 77<\/p>\n<\/div>\n    <div class=\"fields-wrapper\">\n        <div class=\"login-block\">\n            <input name=\"modul\" type=\"hidden\" value=\"modul1\">\n            <input type=\"hidden\" name=\"redirect_url\" value=\"https:\/\/infra-suisse.ch\/fr\/massesalariale-compte\/\">\n            <label for=\"login\"><\/label>\n            <input placeholder=\"Veuillez introduire votre nom d\u2019utilisateur\" type=\"text\" id=\"login\" name=\"login\" maxlength=\"40\" class=\"form-control mb-4\">\n            <div class=\"forgot-pass\">\n                <a class=\"openForgotPass\" href=\"javascript:void(0)\"><\/a>\n            <\/div>\n        <\/div>\n        <div class=\"password-block\">\n            <label for=\"\"><\/label>\n            <input placeholder=\"Veuillez introduire votre mot de passe\" type=\"password\" id=\"pass\" name=\"pass\" maxlength=\"40\" class=\"form-control mb-4\">\n                    <\/div>\n        <button class=\"btn button btn-block mb-0 login-check\" type=\"submit\">\n            Se connecter\n        <\/button>\n    <\/div>\n    <div class=\"holder\">\n        <div class=\"preloader\">\n            <div><\/div>\n            <div><\/div>\n            <div><\/div>\n            <div><\/div>\n            <div><\/div>\n            <div><\/div>\n            <div><\/div>\n            <div><\/div>\n            <div><\/div>\n            <div><\/div>\n        <\/div>\n    <\/div>\n    <div class=\"notify notify-danger d-none\">\n    <\/div>\n    <div class=\"notify notify-success d-none\">\n    <\/div>\n\n\n<\/form><form id=\"forgotForm\" class=\"autorize-form custom-forms text-left\">\n    <input type=\"hidden\" name=\"modul\" value=\"modul1\">\n    <div class=\"title-login\">Passwort oder Benutzername vergessen? FR<\/div>\n    <p>(FR) Wenn Sie Ihr Passwort, oder Ihren Benutzernamen vergessen haben, k\u00f6nnen Sie hier Ihre E-Mail Adresse angeben. Sie erhalten dann eine E-Mail mit weiteren Anweisungen.<\/p>\n\n    <div class=\"email-block\">\n        <div class=\"email-wrapper\">\n            <label for=\"forgot-email\">E-Mail Adresse FR<\/label>\n\n            <div class=\"notify notify-danger d-none\">\n            <\/div>\n            <div class=\"notify notify-success d-none\">\n            <\/div>\n\n\n            <input type=\"text\" id=\"forgot-email\" name=\"email\" class=\"form-control mb-0\">\n            <div class=\"login-in\">\n                <a class=\"openLoginIn\" href=\"javascript:void(0)\">Retour pour se d\u00e9connecter<\/a>\n            <\/div>\n        <\/div>\n\n        <div class=\"check-wrapper\">\n            <button class=\"btn btn-block mb-0 mt-3 p-0 waves-effect waves-light\" type=\"submit\">\n                Avancer\n            <\/button>\n        <\/div>\n\n        <div class=\"holder\">\n            <div class=\"preloader\">\n                <div><\/div>\n                <div><\/div>\n                <div><\/div>\n                <div><\/div>\n                <div><\/div>\n                <div><\/div>\n                <div><\/div>\n                <div><\/div>\n                <div><\/div>\n                <div><\/div>\n            <\/div>\n        <\/div>\n    <\/div>\n\n\n<\/form>\n\n","protected":false},"excerpt":{"rendered":"","protected":false},"author":765,"featured_media":3232,"parent":0,"menu_order":-3,"comment_status":"closed","ping_status":"closed","template":"","meta":{"_acf_changed":false,"footnotes":""},"class_list":["post-15894","page","type-page","status-publish","has-post-thumbnail","hentry"],"acf":[],"_links":{"self":[{"href":"https:\/\/infra-suisse.ch\/fr\/wp-json\/wp\/v2\/pages\/15894","targetHints":{"allow":["GET"]}}],"collection":[{"href":"https:\/\/infra-suisse.ch\/fr\/wp-json\/wp\/v2\/pages"}],"about":[{"href":"https:\/\/infra-suisse.ch\/fr\/wp-json\/wp\/v2\/types\/page"}],"author":[{"embeddable":true,"href":"https:\/\/infra-suisse.ch\/fr\/wp-json\/wp\/v2\/users\/765"}],"replies":[{"embeddable":true,"href":"https:\/\/infra-suisse.ch\/fr\/wp-json\/wp\/v2\/comments?post=15894"}],"version-history":[{"count":4,"href":"https:\/\/infra-suisse.ch\/fr\/wp-json\/wp\/v2\/pages\/15894\/revisions"}],"predecessor-version":[{"id":32867,"href":"https:\/\/infra-suisse.ch\/fr\/wp-json\/wp\/v2\/pages\/15894\/revisions\/32867"}],"wp:featuredmedia":[{"embeddable":true,"href":"https:\/\/infra-suisse.ch\/fr\/wp-json\/wp\/v2\/media\/3232"}],"wp:attachment":[{"href":"https:\/\/infra-suisse.ch\/fr\/wp-json\/wp\/v2\/media?parent=15894"}],"curies":[{"name":"wp","href":"https:\/\/api.w.org\/{rel}","templated":true}]}}